{"id":5434,"date":"2020-11-03T18:58:36","date_gmt":"2020-11-03T16:58:36","guid":{"rendered":"https:\/\/quebriac.fr\/webcommune\/?page_id=5434"},"modified":"2022-02-15T18:15:10","modified_gmt":"2022-02-15T16:15:10","slug":"aide-sociale","status":"publish","type":"page","link":"https:\/\/quebriac.fr\/webcommune\/?page_id=5434","title":{"rendered":"Aide Sociale"},"content":{"rendered":"<p><strong>AIDE SOCIALE<\/strong><\/p>\n<p><em> a-L\u2019aide sociale l\u00e9gale<\/em><\/p>\n<p>Le CCAS est l\u2019interlocuteur privil\u00e9gi\u00e9 pour toute demande d\u2019aide. Il soutient les administr\u00e9s dans toute d\u00e9marche relative \u00e0 l\u2019attribution d\u2019une aide \u00e0 caract\u00e8re social (ex : prise en charge des frais d\u2019h\u00e9bergement, aide-m\u00e9nag\u00e8re, dossier d\u2019obligation alimentaire, etc..). Ces aides sociales rel\u00e8vent pour l\u2019essentiel de la comp\u00e9tence du Conseil G\u00e9n\u00e9ral qui s\u2019appuie sur les CCAS dans l\u2019exercice de sa comp\u00e9tence.<\/p>\n<p>&nbsp;<\/p>\n<p><em> b-L\u2019aide sociale facultative<\/em><\/p>\n<p>Par ailleurs, le CCAS attribue sous conditions, des aides facultatives. Elles interviennent en dernier recours, lorsque les autres possibilit\u00e9s de droits et d\u2019aides ont \u00e9t\u00e9 \u00e9puis\u00e9es.<\/p>\n<p>Outre les aides alimentaires et financi\u00e8res qui visent \u00e0 soutenir ceux qui se trouvent dans une situation \u00e9conomique difficile, le CCAS s\u2019attache aussi \u00e0 favoriser l\u2019insertion sociale ou professionnelle, favoriser les projets \u00ab jeunesse \u00bb et enfin soutenir des actions d\u2019animation de la vie sociale et locale. Ces aides exceptionnelles peuvent \u00eatre apport\u00e9es sous diff\u00e9rentes formes : aide financi\u00e8re, bons alimentaire ou essence, aide remboursable ou aide \u00e0 l\u2019animation \u00e0 la vie locale.<\/p>\n<p>Ces demandes de soutien ponctuel seront adress\u00e9es au CCAS de Qu\u00e9briac ou au CDAS de Combourg. Elles seront \u00e9tudi\u00e9es par l\u2019assistante sociale du secteur, qui pourra solliciter une rencontre. Au regard de l\u2019expos\u00e9 social ainsi \u00e9tabli, selon les dispositions du r\u00e8glement d\u2019aides facultatives et dans la limite des cr\u00e9dits budg\u00e9taires disponibles, Le Conseil d\u2019Administration ou la Commission Permanente du CCAS statue, en dernier ressort, sur les demandes.<\/p>\n<p><strong>\u21d2 <a href=\"https:\/\/quebriac.fr\/webcommune\/wp-content\/uploads\/2019\/02\/GUIDE-DES-AIDES-QUEBRIAC-VD-25-Mars-2017.pdf\" target=\"_blank\" rel=\"noopener noreferrer\">Guide des aides facultatives<\/a><br \/>\n<\/strong><\/p>\n<p><em> c-Les orientations<\/em><\/p>\n<p>Le CCAS peut vous accompagner et vous orienter vers les bons interlocuteurs, les diff\u00e9rents partenaires sociaux que ce soit en mati\u00e8re d&rsquo;aides, de conseils, de prises en charge ou m\u00eame de pr\u00e9ventions pour trouver ensemble les moyens de r\u00e9pondre \u00e0 vos attentes.<\/p>\n<p>&nbsp;<\/p>\n<p><strong><u>CENTRE D\u00c9PARTEMENTAL D&rsquo;ACTION SOCIALE<br \/>\n<\/u><\/strong><\/p>\n<p><i>Le centre d\u00e9partemental d&rsquo;action sociale (Cdas) est la porte d&rsquo;entr\u00e9e de toute l&rsquo;action sociale du D\u00e9partement. Il accueille tous les publics qui rencontrent des difficult\u00e9s et apporte aide et services dans les domaines de l&rsquo;enfance, la famille, le logement et l&rsquo;insertion&#8230;<\/i><\/p>\n<p>Prendre rendez-vous au C.D.A.S<\/p>\n<p>t\u00e9l : 02 90 02 77 00<\/p>\n<p>Square Emile Bohuon 35270 COMBOURG<\/p>\n<p>horaires : Du lundi au vendredi : de 9h \u00e0 12h30 et de 13h30 \u00e0 17h (fermeture \u00e0 16h30 le vendredi).<br \/>\nFermeture au public le jeudi apr\u00e8s-midi.<\/p>\n<p>&nbsp;<\/p>\n<p><strong><u>Centre Local d\u2019Information et de Coordination (CLIC) \u00ab\u00a0AGECLIC\u00a0\u00bb<\/u><\/strong><\/p>\n<p>Sur rendez-vous \u00e0 la mairie de Tint\u00e9niac ou \u00e0 la Maison France Services de la Bretagne romantique \u00e0 Combourg.<\/p>\n<p>Accueil, information et renseignements des personnes \u00e2g\u00e9es et des personnes handicap\u00e9es.<\/p>\n<p>Pour plus d\u2019informations\u00a0: <a href=\"http:\/\/www.ageclic.fr\">www.ageclic.fr<\/a><\/p>\n<p>Contacter le 02 23 16 45 45 ou par courriel <a href=\"mailto:clic@ageclic.fr\">clic@ageclic.fr<\/a><\/p>\n","protected":false},"excerpt":{"rendered":"<p>AIDE SOCIALE a-L\u2019aide sociale l\u00e9gale Le CCAS est l\u2019interlocuteur privil\u00e9gi\u00e9 pour toute demande d\u2019aide. Il soutient les administr\u00e9s dans toute d\u00e9marche relative \u00e0 l\u2019attribution d\u2019une aide \u00e0 caract\u00e8re social (ex\u2026<\/p>\n<p class=\"continue-reading-button\"> <a class=\"continue-reading-link\" href=\"https:\/\/quebriac.fr\/webcommune\/?page_id=5434\">La suite&#8230;<i class=\"crycon-right-dir\"><\/i><\/a><\/p>\n","protected":false},"author":1,"featured_media":0,"parent":0,"menu_order":0,"comment_status":"closed","ping_status":"closed","template":"","meta":{"footnotes":""},"class_list":["post-5434","page","type-page","status-publish","hentry"],"_links":{"self":[{"href":"https:\/\/quebriac.fr\/webcommune\/index.php?rest_route=\/wp\/v2\/pages\/5434"}],"collection":[{"href":"https:\/\/quebriac.fr\/webcommune\/index.php?rest_route=\/wp\/v2\/pages"}],"about":[{"href":"https:\/\/quebriac.fr\/webcommune\/index.php?rest_route=\/wp\/v2\/types\/page"}],"author":[{"embeddable":true,"href":"https:\/\/quebriac.fr\/webcommune\/index.php?rest_route=\/wp\/v2\/users\/1"}],"replies":[{"embeddable":true,"href":"https:\/\/quebriac.fr\/webcommune\/index.php?rest_route=%2Fwp%2Fv2%2Fcomments&post=5434"}],"version-history":[{"count":10,"href":"https:\/\/quebriac.fr\/webcommune\/index.php?rest_route=\/wp\/v2\/pages\/5434\/revisions"}],"predecessor-version":[{"id":7506,"href":"https:\/\/quebriac.fr\/webcommune\/index.php?rest_route=\/wp\/v2\/pages\/5434\/revisions\/7506"}],"wp:attachment":[{"href":"https:\/\/quebriac.fr\/webcommune\/index.php?rest_route=%2Fwp%2Fv2%2Fmedia&parent=5434"}],"curies":[{"name":"wp","href":"https:\/\/api.w.org\/{rel}","templated":true}]}}