{"id":5441,"date":"2020-11-03T19:08:49","date_gmt":"2020-11-03T17:08:49","guid":{"rendered":"https:\/\/quebriac.fr\/webcommune\/?page_id=5441"},"modified":"2024-02-23T11:03:36","modified_gmt":"2024-02-23T09:03:36","slug":"logement-social","status":"publish","type":"page","link":"https:\/\/quebriac.fr\/webcommune\/?page_id=5441","title":{"rendered":"Logement Social"},"content":{"rendered":"<p><strong>LOGEMENT SOCIAL<\/strong><\/p>\n<p><span style=\"color: #339966;\">-Logement locatif<\/span><\/p>\n<p>Pour les personnes qui en ont besoin, la commune propose des logements d\u2019Habitat \u00e0 Loyer Mod\u00e9r\u00e9.<\/p>\n<p>La commune compte 50 logements sociaux. Le CCAS suit les dossiers de demande de logement et propose les attributions de logements au bailleur N\u00e9otoa, propri\u00e9taires des logements.<\/p>\n<p>&nbsp;<\/p>\n<p>Pour toute demande de logement, le dossier est \u00e0 retirer en mairie ou aupr\u00e8s de N\u00e9otoa.<\/p>\n<p><strong>\u21d2 <\/strong><a href=\"https:\/\/www.neotoa.fr\/\" target=\"_blank\" rel=\"noopener noreferrer\">www.neotoa.fr<\/a><\/p>\n<p>&nbsp;<\/p>\n<p><span style=\"color: #339966;\">-Logement adapt\u00e9 pour personnes \u00e2g\u00e9es et\/ou en situation de handicap<\/span><\/p>\n<p>&nbsp;<\/p>\n<p>Le village du Courtil-No\u00eb (habitat adapt\u00e9) comprend douze logements locatifs individuels (8 T2 et 4 T3) tous de plain-pied, adapt\u00e9s aux attentes r\u00e9elles des personnes de plus de 60 ans et adaptable aux besoins li\u00e9s \u00e0 l\u2019avanc\u00e9e en \u00e2ge.<\/p>\n<p>Son objectif est de procurer aux personnes autonomes un lieu de vie et une qualit\u00e9 de vie afin de combattre l\u2019isolement et de maintenir l\u2019autonomie.<\/p>\n<p>Une salle de convivialit\u00e9 est pr\u00e9vue au c\u0153ur du village. Les locataires peuvent, selon leurs envies, profiter d\u2019activit\u00e9s, d\u2019animations, de rencontres interg\u00e9n\u00e9rationnelles ou de repas pris en commun. La coordinatrice de vie sociale veille au bon fonctionnement du village. Sa pr\u00e9sence rassure, encourage et favorise les rencontres.<\/p>\n<p>Pour tout renseignement, prendre contact aupr\u00e8s de la Mairie de Qu\u00e9briac (Contact : 02 99 68 03 52) ou du Village du Courtil No\u00eb (Contact : 02 99 84 78 46).<\/p>\n<p>&nbsp;<\/p>\n<p><strong>\u21d2 <\/strong><a href=\"https:\/\/quebriac.fr\/webcommune\/wp-content\/uploads\/2024\/02\/plaquette.pdf\" target=\"_blank\" rel=\"noopener\">D\u00e9pliant Le Courtil No\u00eb<\/a><\/p>\n<p><strong>\u21d2<\/strong> <a href=\"https:\/\/quebriac.fr\/webcommune\/wp-content\/uploads\/2022\/02\/RAPPORT_Activite_2020.pdf\" target=\"_blank\" rel=\"noopener noreferrer\">Rapport Activit\u00e9 du village du Courtil No\u00eb 2020<\/a><\/p>\n<p>&nbsp;<\/p>\n<p><span style=\"color: #339966;\"><u>Location de la salle commune<\/u><\/span><\/p>\n<p>Le CCAS est propri\u00e9taire de la salle No\u00ebLys situ\u00e9e au c\u0153ur du Village du Courtil No\u00eb. Elle a \u00e9galement une fonction de salle communale ouverte \u00e0 la municipalit\u00e9, aux associations ou aux particuliers.<\/p>\n<p>Un r\u00e8glement int\u00e9rieur d\u00e9finit les conditions de mise en location avec notamment les horaires d\u2019ouverture et de fermeture :<\/p>\n<ul>\n<li>Le lundi au vendredi : 18h \u00e0 22h<\/li>\n<li>Le week-end et jours f\u00e9ri\u00e9s : 9h30 \u00e0 22h.<\/li>\n<\/ul>\n<p>&nbsp;<\/p>\n<p>La salle peut accueillir 25 \u00e0 30 personnes maximum. Elle comporte :<\/p>\n<ul>\n<li>Une salle commune (environ 40 m2) avec mobilier confortable.<\/li>\n<li>Une cuisine (10 m2) avec plaques de cuisson, four, lave-vaisselle et r\u00e9frig\u00e9rateur. Vaisselle<\/li>\n<li>Sanitaires<\/li>\n<li>Terrasse<\/li>\n<\/ul>\n<p>&nbsp;<\/p>\n<p>Le tarif de location pour les particuliers est celui en vigueur en d\u00e9but de l\u2019ann\u00e9e civile de location et est fix\u00e9 par le CCAS. (Tarif 2018 : 70 \u20ac la journ\u00e9e- 120 \u20ac deux journ\u00e9es).<\/p>\n<p>Les demandes de renseignements et de r\u00e9servations se font aupr\u00e8s du Village du Courtil No\u00eb (Contact : 02 99 84 78 46).<\/p>\n<p>&nbsp;<\/p>\n","protected":false},"excerpt":{"rendered":"<p>LOGEMENT SOCIAL -Logement locatif Pour les personnes qui en ont besoin, la commune propose des logements d\u2019Habitat \u00e0 Loyer Mod\u00e9r\u00e9. La commune compte 50 logements sociaux. Le CCAS suit les\u2026<\/p>\n<p class=\"continue-reading-button\"> <a class=\"continue-reading-link\" href=\"https:\/\/quebriac.fr\/webcommune\/?page_id=5441\">La suite&#8230;<i class=\"crycon-right-dir\"><\/i><\/a><\/p>\n","protected":false},"author":1,"featured_media":0,"parent":0,"menu_order":0,"comment_status":"closed","ping_status":"closed","template":"","meta":{"footnotes":""},"class_list":["post-5441","page","type-page","status-publish","hentry"],"_links":{"self":[{"href":"https:\/\/quebriac.fr\/webcommune\/index.php?rest_route=\/wp\/v2\/pages\/5441"}],"collection":[{"href":"https:\/\/quebriac.fr\/webcommune\/index.php?rest_route=\/wp\/v2\/pages"}],"about":[{"href":"https:\/\/quebriac.fr\/webcommune\/index.php?rest_route=\/wp\/v2\/types\/page"}],"author":[{"embeddable":true,"href":"https:\/\/quebriac.fr\/webcommune\/index.php?rest_route=\/wp\/v2\/users\/1"}],"replies":[{"embeddable":true,"href":"https:\/\/quebriac.fr\/webcommune\/index.php?rest_route=%2Fwp%2Fv2%2Fcomments&post=5441"}],"version-history":[{"count":6,"href":"https:\/\/quebriac.fr\/webcommune\/index.php?rest_route=\/wp\/v2\/pages\/5441\/revisions"}],"predecessor-version":[{"id":10555,"href":"https:\/\/quebriac.fr\/webcommune\/index.php?rest_route=\/wp\/v2\/pages\/5441\/revisions\/10555"}],"wp:attachment":[{"href":"https:\/\/quebriac.fr\/webcommune\/index.php?rest_route=%2Fwp%2Fv2%2Fmedia&parent=5441"}],"curies":[{"name":"wp","href":"https:\/\/api.w.org\/{rel}","templated":true}]}}