{"id":5615,"date":"2020-12-01T17:50:18","date_gmt":"2020-12-01T15:50:18","guid":{"rendered":"https:\/\/quebriac.fr\/webcommune\/?page_id=5615"},"modified":"2026-01-08T10:34:25","modified_gmt":"2026-01-08T08:34:25","slug":"artisans-et-commercants","status":"publish","type":"page","link":"https:\/\/quebriac.fr\/webcommune\/?page_id=5615","title":{"rendered":"Artisans et Commer\u00e7ants"},"content":{"rendered":"<h3 class=\"petit_texte_noir\">Bars et commerces de proximit\u00e9<\/h3>\n<ul>\n<li><span style=\"color: #000000;\"><strong>Au Grain de Caf\u00e9<\/strong><\/span> &#8211; Bar\/tabac &#8211; Caves \u00e0 bi\u00e8res et spiritueux &#8211; \u00e9picerie fine &#8211; coffrets cadeaux 02.99.68.02.59<\/li>\n<li><span style=\"color: #000000;\"><strong>Le P\u2019tit PLUS<\/strong><\/span> &#8211; Alimentation G\u00e9n\u00e9rale &#8211; 09.51.01.82.02<\/li>\n<li><span style=\"color: #000000;\"><strong>KABUKI SPA et Institut <\/strong><\/span>&#8211; 14 lieu dit Tr\u00e9magou\u00ebt 02.99.39.88.42<br \/>\n<a href=\"mailto:contact@kabuki-spa.fr\">contact@kabuki-spa.fr<\/a> &#8211; <a href=\"http:\/\/www.domainedetremagouet.com\/fr\/institut\/\" target=\"_blank\" rel=\"noopener noreferrer\">Domaine de Tr\u00e9magou\u00ebt<\/a><\/li>\n<li><span style=\"color: #000000;\"><strong>L\u2019Arbre en Bois<\/strong> &#8211; 12 rue de la libert\u00e9 &#8211; Cr\u00eaperie &#8211; formule du jour le midi en semaine\u00a0\u00a0 02.23.22.04.50<\/span><\/li>\n<li>\n<h5><span style=\"color: #000000;\"><strong>Douces saveurs cr\u00e9oles <\/strong>Restauration ambulante-traiteur\u00a0 06 69 59 76 19<\/span><\/h5>\n<\/li>\n<li><strong>Florian Langlais<\/strong> Traiteur-chef \u00e0 domicile, chef priv\u00e9-ateliers culinaires-\u00e9v\u00e8nementiel 06 10 30 05 96\u00a0<a href=\"fl-chefculinaire35@hotmail.com\">fl-chefculinaire35@hotmail.com<\/a><\/li>\n<\/ul>\n<h3 class=\"petit_texte_noir\">Artisans<\/h3>\n<ul>\n<li><strong>Le fournil de l&rsquo;\u00e9tincelle<\/strong> &#8211; Pain au levain, animations, snacking &#8211; Paloma came<br \/>\n06 62 44 09 45 &#8211; <a href=\"https:\/\/fournildeletincelle.wixsite.com\/accueil\" target=\"_blank\" rel=\"noopener\">https:\/\/fournildeletincelle.wixsite.com\/accueil<\/a><\/li>\n<li><span style=\"color: #000000;\"><strong>Erwan Bourdon<\/strong> <\/span>Apiculteur R\u00e9coltant 8 La ville Hulin 06.10.48.14.38\u00a0 \u00a0 \u00a0 \u00a0 \u00a0 \u00a0 \u00a0 <a href=\"mailto:bourdon.bzh@laposte.net\">bourdon.bzh@laposte.net<\/a> &#8211; <a href=\"mailto:bourdon.apiculture@gmail.com\">bourdon.apiculture@gmail.com<\/a><\/li>\n<li><span style=\"color: #000000;\"><strong>Topikt\u00f4ne<\/strong><\/span> &#8211; marque de v\u00eatements et accessoires pour femmes et enfants\/ados, con\u00e7us et fabriqu\u00e9s \u00e0 Qu\u00e9briac &#8211; 24 Le Grand Bois- Qu\u00e9briac 06.10.07.16.73<br \/>\n<a href=\"https:\/\/topiktone.com\/\" target=\"_blank\" rel=\"noopener noreferrer\">https:\/\/topiktone.com\/<\/a> <a href=\"https:\/\/www.ungrandmarche.fr\/boutique\/topiktone\" target=\"_blank\" rel=\"noopener noreferrer\">Boutique en ligne<\/a> &#8211; <a href=\"mailto:boutique@topiktone.com\">boutique@topiktone.com<\/a><\/li>\n<li><span style=\"color: #000000;\"><strong>Julien GAUTIER<\/strong> &#8211; Peintre en b\u00e2timent (neuf\/r\u00e9novation\/d\u00e9coration)<\/span> 06.31 .72.85.39<br \/>\n<a href=\"mailto:julienjgautier@gmail.com\">julienjgautier@gmail.com<\/a><\/li>\n<li><span style=\"color: #000000;\"><strong>MENUISERIE ADGNOT<\/strong><\/span> &#8211; travaux de menuiserie bois et PVC 06.87.07.19.50<br \/>\n<a href=\"https:\/\/www.menuiserie-adgnot.com\/\" target=\"_blank\" rel=\"noopener noreferrer\">https:\/\/www.menuiserie-adgnot.com\/<\/a><strong><br \/>\n<\/strong><\/li>\n<li><span style=\"color: #000000;\"><strong>BIARD<\/strong><\/span> Electricit\u00e9 G\u00e9n\u00e9rale &#8211; Antony Biard &#8211; 24 rue du bois de lorre 06.50.17.87.41<br \/>\n<a href=\"mailto:antonybiard.pro@gmail.com\">antonybiard.pro@gmail.com<\/a><\/li>\n<li><strong>MJ AMENAGEMENT<\/strong>&#8211; Cr\u00e9ation.Entretien.Jardin &#8211; 8 la Ville Th\u00e9bault &#8211; mjamenagements@gmail.com &#8211; Lo\u00efc Monxifrot 06 75 37 83 58 (Am\u00e9nagement) Arthur Jourdin 06 75 43 70 88 (Entretien)<\/li>\n<\/ul>\n<h3 class=\"petit_texte_noir\">Artisans b\u00e2timent et Travaux publics<\/h3>\n<ul>\n<li><span style=\"color: #000000;\"><strong>CLOLUS Romain<\/strong><\/span> 18A Le Grand-Bois Couverture-Zinguerie-Pose v\u00e9lux<br \/>\n06.32.59.15.31 &#8211; 02.99.68.01.17<\/li>\n<li><span style=\"color: #000000;\"><strong>DUHAMELLE Claude<\/strong><\/span> Le Rocher Bernard Tout \u00e0 l\u2019\u00e9gout, Pose de Fosses, R\u00e9seaux EDF, AEP, PTT, GAZ &#8211; Terrassements et Fondations &#8211; Location de Tracto-Pelles et Mini-Pelles pour Tous 02.99.68.12.94<\/li>\n<li><span style=\"color: #000000;\"><strong>BEDEL CONSTRUCTIONS BOIS<\/strong><\/span> La Bourdonni\u00e8re Charpente\/ossature bois\/menuiserie 06 69 02 13 32<a href=\"https:\/\/fr-fr.facebook.com\/bedelconstructionsbois\/\" target=\"_blank\" rel=\"noopener noreferrer\"><br \/>\nhttp:\/\/www.bedelconstructionbois.com\/<\/a><\/li>\n<li><span style=\"color: #333333;\"><strong>PLOMBERIE QUERE <\/strong><\/span> La Vectais Plombier Installation Sanitaire D\u00e9pannage 06.69.47.61.61 Email : querejoel@orange.fr<br \/>\n<a href=\"https:\/\/fr-fr.facebook.com\/PlomberieQuere\" target=\"_blank\" rel=\"noopener noreferrer\">http:\/\/www.plomberie-quere.com\/<\/a><\/li>\n<li>\n<h5><span style=\"color: #000000;\"><strong>Olivia JOHN <\/strong><\/span>Experts ravalement isolation\u00a0 06 77 60 87 93\u00a0 <a style=\"font-size: 18px;\" href=\"https:\/\/www.expertsravalementisolation.fr\/\" target=\"_blank\" rel=\"noopener noreferrer\">expertsravalementisolation.fr<\/a><\/h5>\n<\/li>\n<\/ul>\n","protected":false},"excerpt":{"rendered":"<p>Bars et commerces de proximit\u00e9 Au Grain de Caf\u00e9 &#8211; Bar\/tabac &#8211; Caves \u00e0 bi\u00e8res et spiritueux &#8211; \u00e9picerie fine &#8211; coffrets cadeaux 02.99.68.02.59 Le P\u2019tit PLUS &#8211; Alimentation G\u00e9n\u00e9rale\u2026<\/p>\n<p class=\"continue-reading-button\"> <a class=\"continue-reading-link\" href=\"https:\/\/quebriac.fr\/webcommune\/?page_id=5615\">La suite&#8230;<i class=\"crycon-right-dir\"><\/i><\/a><\/p>\n","protected":false},"author":1,"featured_media":0,"parent":0,"menu_order":0,"comment_status":"closed","ping_status":"closed","template":"","meta":{"footnotes":""},"class_list":["post-5615","page","type-page","status-publish","hentry"],"_links":{"self":[{"href":"https:\/\/quebriac.fr\/webcommune\/index.php?rest_route=\/wp\/v2\/pages\/5615"}],"collection":[{"href":"https:\/\/quebriac.fr\/webcommune\/index.php?rest_route=\/wp\/v2\/pages"}],"about":[{"href":"https:\/\/quebriac.fr\/webcommune\/index.php?rest_route=\/wp\/v2\/types\/page"}],"author":[{"embeddable":true,"href":"https:\/\/quebriac.fr\/webcommune\/index.php?rest_route=\/wp\/v2\/users\/1"}],"replies":[{"embeddable":true,"href":"https:\/\/quebriac.fr\/webcommune\/index.php?rest_route=%2Fwp%2Fv2%2Fcomments&post=5615"}],"version-history":[{"count":61,"href":"https:\/\/quebriac.fr\/webcommune\/index.php?rest_route=\/wp\/v2\/pages\/5615\/revisions"}],"predecessor-version":[{"id":12845,"href":"https:\/\/quebriac.fr\/webcommune\/index.php?rest_route=\/wp\/v2\/pages\/5615\/revisions\/12845"}],"wp:attachment":[{"href":"https:\/\/quebriac.fr\/webcommune\/index.php?rest_route=%2Fwp%2Fv2%2Fmedia&parent=5615"}],"curies":[{"name":"wp","href":"https:\/\/api.w.org\/{rel}","templated":true}]}}