{"id":5624,"date":"2020-12-01T18:07:53","date_gmt":"2020-12-01T16:07:53","guid":{"rendered":"https:\/\/quebriac.fr\/webcommune\/?page_id=5624"},"modified":"2022-02-10T19:05:49","modified_gmt":"2022-02-10T17:05:49","slug":"geographie-et-population","status":"publish","type":"page","link":"https:\/\/quebriac.fr\/webcommune\/?page_id=5624","title":{"rendered":"G\u00e9ographie et population"},"content":{"rendered":"<p>Situ\u00e9e entre Rennes (30 Kms) et Saint-Malo (42 Kms), \u00e0 deux pas de Tint\u00e9niac, Qu\u00e9briac jouit d\u2019une proximit\u00e9 de la voie express RN137 Nord \/ Sud entre ces deux villes. Dans le sens Est\/Ouest, Qu\u00e9briac se situe par la D20, dans l\u2019axe Pontorson-Combourg-Becherel pour rejoindre la 4 voies Rennes &#8211; Brest \u00e0 Caulnes. La commune est proche par ailleurs de Dinan (25 Kms).<\/p>\n<p>&nbsp;<\/p>\n<p>\u21d2<a href=\"https:\/\/www.google.fr\/maps\/place\/35190+Qu%C3%A9briac\/@48.3577261,-1.835432,14z\/data=!4m5!3m4!1s0x480eec579fe0d1e7:0x5cf414bdcc9b69d5!8m2!3d48.344641!4d-1.827926\" target=\"_blank\" rel=\"noopener noreferrer\">Carte Google Qu\u00e9briac<\/a><\/p>\n<p><img loading=\"lazy\" decoding=\"async\" class=\"wp-image-7479 alignleft\" src=\"https:\/\/quebriac.fr\/webcommune\/wp-content\/uploads\/2022\/02\/canal.jpg\" alt=\"\" width=\"269\" height=\"179\" srcset=\"https:\/\/quebriac.fr\/webcommune\/wp-content\/uploads\/2022\/02\/canal.jpg 800w, https:\/\/quebriac.fr\/webcommune\/wp-content\/uploads\/2022\/02\/canal-300x200.jpg 300w, https:\/\/quebriac.fr\/webcommune\/wp-content\/uploads\/2022\/02\/canal-768x512.jpg 768w, https:\/\/quebriac.fr\/webcommune\/wp-content\/uploads\/2022\/02\/canal-150x100.jpg 150w, https:\/\/quebriac.fr\/webcommune\/wp-content\/uploads\/2022\/02\/canal-272x182.jpg 272w\" sizes=\"(max-width: 269px) 100vw, 269px\" \/><\/p>\n<p>Qu\u00e9briac se trouve \u00e9galement situ\u00e9e sur le Canal d\u2019Ille et Rance, qui, par la Rance et la Vilaine, assure le passage entre Manche et Oc\u00e9an. Cet axe, autrefois utilis\u00e9 par les chalands pour le transport de mat\u00e9riaux et produits divers, est tr\u00e8s appr\u00e9ci\u00e9 aujourd\u2019hui des plaisanciers. Il a subi des am\u00e9nagements nombreux sur les abords, pour les adeptes de randonn\u00e9es.<\/p>\n<p>&nbsp;<\/p>\n<p>&nbsp;<\/p>\n<h3 style=\"text-align: justify;\">POPULATION et AGRICULTURE<\/h3>\n<p>La commune de Qu\u00e9briac est constitu\u00e9e historiquement d\u2019un bourg ancien enserrant un centre constitu\u00e9 de la mairie et de l\u2019\u00e9glise (XIV\u00e8me si\u00e8cle), ce centre s\u2019\u00e9tant excentr\u00e9 au Nord, suite \u00e0 des constructions r\u00e9centes de lotissements. La population a subi des \u00e9volutions tr\u00e8s contrast\u00e9es, avec par exemple 1435 habitants en 1836 pour atteindre 686 habitants en 1975 et une remont\u00e9e progressive pour atteindre 1040 habitants au recensement de 1999 (1062 avec les doubles comptes). En 2005, la population est d\u2019environ 1300 habitants. Elle d\u00e9passe les 1600 habitants en 2017. D\u2019une superficie totale de 2072 ha, avec 1271 ha agricoles, le nombre des exploitations n\u2019a cess\u00e9 de chuter pour passer de 78 en 1979 \u00e0 32 en 2015 et une douzaine aujourd\u2019hui.<\/p>\n<h3 style=\"text-align: justify;\">CONFIGURATION<\/h3>\n<p>La configuration de la commune est tr\u00e8s particuli\u00e8re, par l\u2019existence de nombreux lieux dits et villages, petits et grands, comme \u00ab Le Grand Bois \u00bb, sur la route de La Chapelle aux Filtzm\u00e9ens, ainsi que \u00ab Travoux \u00bb vers Combourg, ou \u00ab Tremagouet \u00bb vers Saint Domineuc. Un r\u00e9seau tr\u00e8s dense de chemins de randonn\u00e9es accessibles \u00e0 tous (p\u00e9destres, \u00e9questres et v\u00e9t\u00e9tistes) de 45 Km est entretenu par la communaut\u00e9 de communes, la commune et une association locale Queb\u2019rando. A noter que le nombre de villages a \u00e9volu\u00e9 avec le temps. En effet, jusqu\u2019en 1836 date de l\u2019\u00e9change, l\u2019ancienne paroisse de Saint-M\u00e9loir des Bois, avec Rouyon, la Touche et le Cruel faisaient partie de Qu\u00e9briac et non de Tint\u00e9niac, et inversement, Tremagouet, la Pilais, le Puits Morin et le Buisson faisaient partie de Tint\u00e9niac en non de Qu\u00e9briac.<\/p>\n<h3 style=\"text-align: justify;\">ADMINISTRATIF<\/h3>\n<p>Au point de vue administratif, Qu\u00e9briac fait partie du canton de Combourg, de la communaut\u00e9 de communes Bretagne romantique dont le si\u00e8ge est \u00e0 La Chapelle aux Filtzm\u00e9ens, du Pays de Saint-Malo, et de l\u2019arrondissement de Saint-Malo (2017).<\/p>\n<h3 style=\"text-align: justify;\">CULTE<\/h3>\n<p><img loading=\"lazy\" decoding=\"async\" class=\"irc_mi alignleft\" src=\"https:\/\/upload.wikimedia.org\/wikipedia\/commons\/thumb\/b\/b1\/Clocher_Eglise_saint-Pierre_Qu%C3%A9briac.JPG\/280px-Clocher_Eglise_saint-Pierre_Qu%C3%A9briac.JPG\" alt=\"R\u00e9sultat de recherche d'images pour &quot;Qu\u00e9briac&quot;\" width=\"141\" height=\"212\" \/><\/p>\n<p>Au niveau culte, Qu\u00e9briac est une communaut\u00e9 chr\u00e9tienne locale et dispose d\u2019une \u00e9quipe relais de la paroisse de Tint\u00e9niac, dans le doyenn\u00e9 d\u2019Ille et Rance (Combourg).<\/p>\n","protected":false},"excerpt":{"rendered":"<p>Situ\u00e9e entre Rennes (30 Kms) et Saint-Malo (42 Kms), \u00e0 deux pas de Tint\u00e9niac, Qu\u00e9briac jouit d\u2019une proximit\u00e9 de la voie express RN137 Nord \/ Sud entre ces deux villes.\u2026<\/p>\n<p class=\"continue-reading-button\"> <a class=\"continue-reading-link\" href=\"https:\/\/quebriac.fr\/webcommune\/?page_id=5624\">La suite&#8230;<i class=\"crycon-right-dir\"><\/i><\/a><\/p>\n","protected":false},"author":1,"featured_media":0,"parent":0,"menu_order":0,"comment_status":"closed","ping_status":"closed","template":"","meta":{"footnotes":""},"class_list":["post-5624","page","type-page","status-publish","hentry"],"_links":{"self":[{"href":"https:\/\/quebriac.fr\/webcommune\/index.php?rest_route=\/wp\/v2\/pages\/5624"}],"collection":[{"href":"https:\/\/quebriac.fr\/webcommune\/index.php?rest_route=\/wp\/v2\/pages"}],"about":[{"href":"https:\/\/quebriac.fr\/webcommune\/index.php?rest_route=\/wp\/v2\/types\/page"}],"author":[{"embeddable":true,"href":"https:\/\/quebriac.fr\/webcommune\/index.php?rest_route=\/wp\/v2\/users\/1"}],"replies":[{"embeddable":true,"href":"https:\/\/quebriac.fr\/webcommune\/index.php?rest_route=%2Fwp%2Fv2%2Fcomments&post=5624"}],"version-history":[{"count":3,"href":"https:\/\/quebriac.fr\/webcommune\/index.php?rest_route=\/wp\/v2\/pages\/5624\/revisions"}],"predecessor-version":[{"id":7480,"href":"https:\/\/quebriac.fr\/webcommune\/index.php?rest_route=\/wp\/v2\/pages\/5624\/revisions\/7480"}],"wp:attachment":[{"href":"https:\/\/quebriac.fr\/webcommune\/index.php?rest_route=%2Fwp%2Fv2%2Fmedia&parent=5624"}],"curies":[{"name":"wp","href":"https:\/\/api.w.org\/{rel}","templated":true}]}}