{"id":5627,"date":"2020-12-01T18:12:49","date_gmt":"2020-12-01T16:12:49","guid":{"rendered":"https:\/\/quebriac.fr\/webcommune\/?page_id=5627"},"modified":"2022-09-07T18:05:59","modified_gmt":"2022-09-07T16:05:59","slug":"un-peu-dhistoire","status":"publish","type":"page","link":"https:\/\/quebriac.fr\/webcommune\/?page_id=5627","title":{"rendered":"Un peu d&rsquo;histoire"},"content":{"rendered":"<p style=\"text-align: justify;\">Cette rubrique historique vient pour l\u2019essentiel, du passionnant livre de M. Joseph HOUITTE, ancien maire, \u00ab QUEBRIAC \u00bb (Edit\u00e9 par l\u2019Association de Recherches Historiques et de Vulgarisation de la r\u00e9gion de H\u00e9d\u00e9, 1978), \u00e0 consulter \u00e0 la biblioth\u00e8que municipale.<\/p>\n<p style=\"text-align: justify;\">Histoire d\u2019hier et d\u2019aujourd\u2019hui<\/p>\n<div style=\"text-align: justify;\"><a href=\"http:\/\/quebriac.fr\/webcommune\/wp-content\/uploads\/2015\/11\/DMI02223jp_G.jpg\"><img loading=\"lazy\" decoding=\"async\" class=\"aligncenter size-full wp-image-196\" src=\"http:\/\/quebriac.fr\/webcommune\/wp-content\/uploads\/2015\/11\/DMI02223jp_G.jpg\" alt=\"Thomas de Quebriac\" width=\"164\" height=\"148\" \/><\/a><\/div>\n<p style=\"text-align: justify;\">L\u2019existence de Qu\u00e9briac est attest\u00e9e d\u00e8s le XII i\u00e8me si\u00e8cle, apr\u00e8s avoir connu des orthographes diverses (Quebriacum en 1133, Chibriac en 1147, Quebriach en 1183) et enfin Qu\u00e9briac au XVI i\u00e8me si\u00e8cle. Le nom fut port\u00e9 par les Seigneurs de Qu\u00e9briac, dont le premier fut Payen de Qu\u00e9briac vers 1133 jusqu\u2019\u00e0 Thomas IV de Qu\u00e9briac d\u00e9c\u00e9d\u00e9 en 1553. La Seigneurie passa ensuite aux Gu\u00e9madeuc par le mariage de sa s\u0153ur Marguerite de Qu\u00e9briac avec Fran\u00e7ois du Gu\u00e9madeuc en 1539. Toussaint Du Gu\u00e9madeuc, sire de Qu\u00e9briac tu\u00e9 en duel en 1606 et inhum\u00e9 dans l\u2019\u00e9glise de Qu\u00e9briac, fut le dernier seigneur ayant habit\u00e9 le ch\u00e2teau.<\/p>\n<p style=\"text-align: justify;\">Un ch\u00e2teau \u00e0 Qu\u00e9briac ?<\/p>\n<div style=\"text-align: justify;\"><a href=\"http:\/\/quebriac.fr\/webcommune\/wp-content\/uploads\/2015\/11\/chateau_G.jpg\"><img loading=\"lazy\" decoding=\"async\" class=\"aligncenter size-full wp-image-197\" src=\"http:\/\/quebriac.fr\/webcommune\/wp-content\/uploads\/2015\/11\/chateau_G.jpg\" alt=\"Ch\u00e2teau de Qu\u00e9briac\" width=\"200\" height=\"294\" \/><\/a><\/div>\n<p style=\"text-align: justify;\">Sur la route vers la Chapelle aux Filtzm\u00e9ens, se trouve le lieu-dit \u00ab le ch\u00e2teau \u00bb. C\u2019est \u00e0 cet endroit que s\u2019\u00e9levaient jadis les tours d\u2019un ch\u00e2teau f\u00e9odal. Construit en 1382, par le duc de Bretagne Jean IV, il se composait d\u2019un donjon triple entour\u00e9 de douves (le cadastre de 1836 en garde les traces). Il ne v\u00e9cut que 200 ans environ ! Son d\u00e9clin est \u00e9troitement li\u00e9 aux \u00e9v\u00e9nements de la fin du XVI i\u00e8me si\u00e8cle, c\u2019est \u00e0 dire la mort de Henri III, roi catholique et chef de la Ligue (mouvement de r\u00e9sistance des catholiques \u00e0 la progression des protestants), puis l\u2019arriv\u00e9e au pouvoir de Henri IV, roi d\u2019origine protestante (huguenot).<br \/>\nNotre r\u00e9gion a \u00e9t\u00e9 fortement influenc\u00e9e par la Ligue, et de nombreuses places fortes y \u00e9taient encore ralli\u00e9es en 1592 : Qu\u00e9briac, H\u00e9d\u00e9, B\u00e9cherel, Montmuran et Combourg. Qu\u00e9briac avec les autres, se ralliera au roi Henri IV suite \u00e0 l\u2019abjuration de sa foi (\u00ab PARIS vaut bien une messe \u00bb) en 1593. Cependant, ses actes de r\u00e9sistance pass\u00e9s vaudront au ch\u00e2teau le d\u00e9mant\u00e8lement en 1599. Les douves situ\u00e9es au Nord Est du ch\u00e2teau de Castellan en sont les derniers vestiges.<\/p>\n<h1 style=\"text-align: justify;\">Les ch\u00e2teaux de Qu\u00e9briac !<\/h1>\n<p style=\"text-align: justify;\">Qu\u00e9briac poss\u00e8de quelques ch\u00e2teaux et manoirs : la Motte aux Rochers dont l\u2019existence remonte au moyen \u00e2ge ; la Gromillais, \u00e9l\u00e9v\u00e9 en 1606 et reconstruit en 1826 (propri\u00e9t\u00e9s priv\u00e9es). A cot\u00e9 de nous, Combourg (XIe, XIVe et XVe ), demeure au si\u00e8cle dernier du romantique Fran\u00e7ois Ren\u00e9 de Chateaubriand ; et Montmuran (XIIe et XIVe), o\u00f9 Du Guesclin fut arm\u00e9 chevalier (ouverts au public)<\/p>\n<h1 style=\"text-align: justify;\">Eglise et Chapelles<\/h1>\n<p style=\"text-align: justify;\">L\u2019\u00e9glise Saint Pierre de Qu\u00e9briac date du XIVe si\u00e8cle. Cet \u00e9difice se composait \u00e0 l\u2019origine d\u2019une seule nef \u00e0 chevet droit, avec fen\u00eatre flamboyante. Au XVII i\u00e8me si\u00e8cle, une chapelle et une tour furent ajout\u00e9es au nord ; puis ult\u00e9rieurement une autre chapelle au sud, lui donnant la forme d\u2019une croix.<\/p>\n<p style=\"text-align: justify;\"><a href=\"http:\/\/quebriac.fr\/webcommune\/wp-content\/uploads\/2015\/11\/quebriac050-sw.jpg\"><img loading=\"lazy\" decoding=\"async\" class=\"aligncenter size-full wp-image-195\" src=\"http:\/\/quebriac.fr\/webcommune\/wp-content\/uploads\/2015\/11\/quebriac050-sw.jpg\" alt=\"Histoire\" width=\"1024\" height=\"674\" \/><\/a><\/p>\n<p style=\"text-align: justify;\">Le majestueux vitrail \u00e0 l\u2019est repr\u00e9sente la remise des clefs par J\u00e9sus-Christ \u00e0 Saint Pierre. L\u2019all\u00e9e centrale est pav\u00e9e de pierres tombales. Le clocher est remarquable par sa fl\u00e8che tr\u00e8s \u00e9lanc\u00e9e, avec la particularit\u00e9 d\u2019\u00eatre tordue. A ce titre, la commune a adh\u00e9r\u00e9 en 2002 \u00e0 l\u2019 \u00ab Association des clochers tors d\u2019Europe \u00bb.<br \/>\nDe nombreuses chapelles existent ou ont exist\u00e9 \u00e0 Qu\u00e9briac : \u00e0 Travoux (incluse dans les b\u00e2timents de ferme) ; Saint-Suliac (disparue), chapelle de Notre-Dame (sans doute celle du ch\u00e2teau) ; \u00e0 la Gromillaye (visible de la route) ; \u00e0 la Vectais (disparue) ; \u00e0 la Motte aux Rochers. Par ailleurs, de nombreuses \u00e9glises et chapelles attirent l\u2019attention aux alentours. La plus remarquable \u00ab Les Iffs \u00bb, des XIV i\u00e8me et XVI i\u00e8me si\u00e8cles, ainsi que Cardroc, La Baussaine ou Saint Symphorien.<\/p>\n<h1 style=\"text-align: justify;\">Histoire r\u00e9cente<\/h1>\n<p style=\"text-align: justify;\">Le si\u00e8cle dernier a vu Qu\u00e9briac changer de visage, comme bon nombre de communes rurales semblables. Tout d\u2019abord en d\u00e9but du si\u00e8cle dernier, la guerre 14-18 a pris bon nombre de ses enfants : 67 hommes, \u00e2g\u00e9s de 21 \u00e0 42 ans. (C\u2019est en leur honneur et \u00e0 leur m\u00e9moire, et \u00e0 ceux des autres guerres, que la rue principale o\u00f9 se trouve le Monument aux Morts, a \u00e9t\u00e9 nomm\u00e9e en 2003 : Rue de la Libert\u00e9). Ce fut un cataclysme pour Qu\u00e9briac qui ne s\u2019en releva jamais au niveau population. Par la suite, les ann\u00e9es d\u2019apr\u00e8s guerre 39-45 ont vu l\u2019exode rural s\u2019amplifier et d\u00e9sertifier les campagnes, \u00e0 tel point que la commune a compt\u00e9 686 habitants au plus bas ; faisant partir les commerces et craindre pour son \u00e9cole (l\u2019\u00e9cole priv\u00e9e avait cess\u00e9 son activit\u00e9 en 1962).<br \/>\nQu\u00e9briac s\u2019est lanc\u00e9e, \u00e0 partie des ann\u00e9es 1970 \u00e0 des r\u00e9novations en profondeur de son environnement : le Bourg, l\u2019\u00e9glise, l\u2019effacement des r\u00e9seaux, l\u2019assainissement, l\u2019entretien de ses nombreux chemins, l\u2019accueil de nouvelles populations etc, donnant progressivement \u00e0 la commune un nouveau visage ; mais tout en conservant un charme et un cadre de vie agr\u00e9ables et envi\u00e9s.<\/p>\n<p><a href=\"https:\/\/quebriac.fr\/webcommune\/\/wp-content\/uploads\/2016\/04\/quebriac039.jpg\"><img loading=\"lazy\" decoding=\"async\" class=\"aligncenter size-large wp-image-1235\" src=\"https:\/\/quebriac.fr\/webcommune\/\/wp-content\/uploads\/2016\/04\/quebriac039-1024x715.jpg\" alt=\"\" width=\"820\" height=\"573\" \/><\/a><\/p>\n<p><img loading=\"lazy\" decoding=\"async\" class=\"alignnone size-full wp-image-4865\" src=\"https:\/\/quebriac.fr\/webcommune\/\/wp-content\/uploads\/2016\/04\/quebriac038.jpg\" alt=\"\" width=\"1024\" height=\"717\" \/> <img loading=\"lazy\" decoding=\"async\" class=\"aligncenter size-full wp-image-1233\" src=\"https:\/\/quebriac.fr\/webcommune\/\/wp-content\/uploads\/2016\/04\/quebriac036.jpg\" alt=\"\" width=\"1627\" height=\"1038\" \/> <img loading=\"lazy\" decoding=\"async\" class=\"aligncenter size-full wp-image-1232\" src=\"https:\/\/quebriac.fr\/webcommune\/\/wp-content\/uploads\/2016\/04\/quebriac035.jpg\" alt=\"\" width=\"1578\" height=\"970\" \/> <img loading=\"lazy\" decoding=\"async\" class=\"aligncenter size-full wp-image-1231\" src=\"https:\/\/quebriac.fr\/webcommune\/\/wp-content\/uploads\/2016\/04\/quebriac034.jpg\" alt=\"\" width=\"1602\" height=\"1019\" \/><img loading=\"lazy\" decoding=\"async\" class=\"alignnone size-full wp-image-4868\" src=\"https:\/\/quebriac.fr\/webcommune\/\/wp-content\/uploads\/2016\/04\/quebriac033.jpg\" alt=\"\" width=\"1024\" height=\"658\" \/> <img loading=\"lazy\" decoding=\"async\" class=\"aligncenter size-full wp-image-1229\" src=\"https:\/\/quebriac.fr\/webcommune\/\/wp-content\/uploads\/2016\/04\/quebriac032.jpg\" alt=\"\" width=\"1622\" height=\"1019\" \/><img loading=\"lazy\" decoding=\"async\" class=\"alignnone size-full wp-image-4871\" src=\"https:\/\/quebriac.fr\/webcommune\/\/wp-content\/uploads\/2016\/04\/quebriac029-2.jpg\" alt=\"\" width=\"1024\" height=\"701\" \/><img loading=\"lazy\" decoding=\"async\" class=\"aligncenter size-full wp-image-1227\" src=\"https:\/\/quebriac.fr\/webcommune\/\/wp-content\/uploads\/2016\/04\/quebriac028.jpg\" alt=\"\" width=\"1510\" height=\"1029\" \/> <img loading=\"lazy\" decoding=\"async\" class=\"aligncenter size-full wp-image-1226\" src=\"https:\/\/quebriac.fr\/webcommune\/\/wp-content\/uploads\/2016\/04\/quebriac027.jpg\" alt=\"\" width=\"1510\" height=\"1009\" \/> <img loading=\"lazy\" decoding=\"async\" class=\"aligncenter size-full wp-image-1225\" src=\"https:\/\/quebriac.fr\/webcommune\/\/wp-content\/uploads\/2016\/04\/quebriac026.jpg\" alt=\"\" width=\"1462\" height=\"1043\" \/> <img loading=\"lazy\" decoding=\"async\" class=\"aligncenter size-full wp-image-1224\" src=\"https:\/\/quebriac.fr\/webcommune\/\/wp-content\/uploads\/2016\/04\/quebriac025.jpg\" alt=\"\" width=\"1534\" height=\"1019\" \/> <img loading=\"lazy\" decoding=\"async\" class=\"aligncenter size-full wp-image-1223\" src=\"https:\/\/quebriac.fr\/webcommune\/\/wp-content\/uploads\/2016\/04\/quebriac023.jpg\" alt=\"\" width=\"1515\" height=\"1019\" \/> <img loading=\"lazy\" decoding=\"async\" class=\"aligncenter size-full wp-image-1222\" src=\"https:\/\/quebriac.fr\/webcommune\/\/wp-content\/uploads\/2016\/04\/quebriac021.jpg\" alt=\"\" width=\"1607\" height=\"1019\" \/> <img loading=\"lazy\" decoding=\"async\" class=\"aligncenter size-full wp-image-1221\" src=\"https:\/\/quebriac.fr\/webcommune\/\/wp-content\/uploads\/2016\/04\/quebriac020.jpg\" alt=\"\" width=\"1607\" height=\"1019\" \/> <img loading=\"lazy\" decoding=\"async\" class=\"aligncenter size-full wp-image-1220\" src=\"https:\/\/quebriac.fr\/webcommune\/\/wp-content\/uploads\/2016\/04\/quebriac019.jpg\" alt=\"\" width=\"1607\" height=\"1019\" \/> <img loading=\"lazy\" decoding=\"async\" class=\"aligncenter size-full wp-image-1219\" src=\"https:\/\/quebriac.fr\/webcommune\/\/wp-content\/uploads\/2016\/04\/quebriac018.jpg\" alt=\"\" width=\"1607\" height=\"1019\" \/> <img loading=\"lazy\" decoding=\"async\" class=\"aligncenter size-full wp-image-1218\" src=\"https:\/\/quebriac.fr\/webcommune\/\/wp-content\/uploads\/2016\/04\/quebriac016.jpg\" alt=\"\" width=\"1607\" height=\"1019\" \/> <img loading=\"lazy\" decoding=\"async\" class=\"aligncenter size-full wp-image-1217\" src=\"https:\/\/quebriac.fr\/webcommune\/\/wp-content\/uploads\/2016\/04\/quebriac014.jpg\" alt=\"\" width=\"1019\" height=\"1607\" \/><img loading=\"lazy\" decoding=\"async\" class=\"alignnone size-full wp-image-4874\" src=\"https:\/\/quebriac.fr\/webcommune\/\/wp-content\/uploads\/2016\/04\/quebriac013.jpg\" alt=\"\" width=\"1024\" height=\"669\" \/><img loading=\"lazy\" decoding=\"async\" class=\"alignnone size-full wp-image-4876\" src=\"https:\/\/quebriac.fr\/webcommune\/\/wp-content\/uploads\/2016\/04\/quebriac012.jpg\" alt=\"\" width=\"1024\" height=\"669\" \/><img loading=\"lazy\" decoding=\"async\" class=\"aligncenter size-full wp-image-1213\" src=\"https:\/\/quebriac.fr\/webcommune\/\/wp-content\/uploads\/2016\/04\/quebriac011.jpg\" alt=\"\" width=\"1072\" height=\"1641\" \/> <img loading=\"lazy\" decoding=\"async\" class=\"aligncenter size-full wp-image-1212\" src=\"https:\/\/quebriac.fr\/webcommune\/\/wp-content\/uploads\/2016\/04\/quebriac009.jpg\" alt=\"\" width=\"1641\" height=\"1072\" \/> <img loading=\"lazy\" decoding=\"async\" class=\"alignnone size-full wp-image-4879\" src=\"https:\/\/quebriac.fr\/webcommune\/\/wp-content\/uploads\/2016\/04\/quebriac008.jpg\" alt=\"\" width=\"1024\" height=\"643\" \/><img loading=\"lazy\" decoding=\"async\" class=\"alignnone size-full wp-image-4882\" src=\"https:\/\/quebriac.fr\/webcommune\/\/wp-content\/uploads\/2016\/04\/quebriac003.jpg\" alt=\"\" width=\"1024\" height=\"643\" \/><img loading=\"lazy\" decoding=\"async\" class=\"alignnone size-full wp-image-4885\" src=\"https:\/\/quebriac.fr\/webcommune\/\/wp-content\/uploads\/2016\/04\/quebriac002.jpg\" alt=\"\" width=\"1024\" height=\"1659\" \/><\/p>\n","protected":false},"excerpt":{"rendered":"<p>Cette rubrique historique vient pour l\u2019essentiel, du passionnant livre de M. Joseph HOUITTE, ancien maire, \u00ab QUEBRIAC \u00bb (Edit\u00e9 par l\u2019Association de Recherches Historiques et de Vulgarisation de la r\u00e9gion\u2026<\/p>\n<p class=\"continue-reading-button\"> <a class=\"continue-reading-link\" href=\"https:\/\/quebriac.fr\/webcommune\/?page_id=5627\">La suite&#8230;<i class=\"crycon-right-dir\"><\/i><\/a><\/p>\n","protected":false},"author":1,"featured_media":0,"parent":0,"menu_order":0,"comment_status":"closed","ping_status":"closed","template":"","meta":{"footnotes":""},"class_list":["post-5627","page","type-page","status-publish","hentry"],"_links":{"self":[{"href":"https:\/\/quebriac.fr\/webcommune\/index.php?rest_route=\/wp\/v2\/pages\/5627"}],"collection":[{"href":"https:\/\/quebriac.fr\/webcommune\/index.php?rest_route=\/wp\/v2\/pages"}],"about":[{"href":"https:\/\/quebriac.fr\/webcommune\/index.php?rest_route=\/wp\/v2\/types\/page"}],"author":[{"embeddable":true,"href":"https:\/\/quebriac.fr\/webcommune\/index.php?rest_route=\/wp\/v2\/users\/1"}],"replies":[{"embeddable":true,"href":"https:\/\/quebriac.fr\/webcommune\/index.php?rest_route=%2Fwp%2Fv2%2Fcomments&post=5627"}],"version-history":[{"count":3,"href":"https:\/\/quebriac.fr\/webcommune\/index.php?rest_route=\/wp\/v2\/pages\/5627\/revisions"}],"predecessor-version":[{"id":8357,"href":"https:\/\/quebriac.fr\/webcommune\/index.php?rest_route=\/wp\/v2\/pages\/5627\/revisions\/8357"}],"wp:attachment":[{"href":"https:\/\/quebriac.fr\/webcommune\/index.php?rest_route=%2Fwp%2Fv2%2Fmedia&parent=5627"}],"curies":[{"name":"wp","href":"https:\/\/api.w.org\/{rel}","templated":true}]}}