{"id":5643,"date":"2020-12-13T17:52:23","date_gmt":"2020-12-13T15:52:23","guid":{"rendered":"https:\/\/quebriac.fr\/webcommune\/?page_id=5643"},"modified":"2023-09-02T10:42:03","modified_gmt":"2023-09-02T08:42:03","slug":"circuits-de-randonnee","status":"publish","type":"page","link":"https:\/\/quebriac.fr\/webcommune\/?page_id=5643","title":{"rendered":"Circuits de Randonn\u00e9e PDIPR"},"content":{"rendered":"<h3>Circuits de Qu\u00e9briac<\/h3>\n<p>Reconnue en Ille et Vilaine et au-del\u00e0, Qu\u00e9briac dispose de 45 Km de chemins de randonn\u00e9e, dont l\u2019entretien est assur\u00e9 conjointement par la commune de Qu\u00e9briac et l\u2019association Queb\u2019Rando. Un d\u00e9pliant est disponible gracieusement en Mairie de QUEBRIAC.<\/p>\n<p><a href=\"https:\/\/quebriac.fr\/webcommune\/wp-content\/uploads\/2015\/11\/plan1.jpg\"><img loading=\"lazy\" decoding=\"async\" class=\"aligncenter size-full wp-image-251\" src=\"https:\/\/quebriac.fr\/webcommune\/wp-content\/uploads\/2015\/11\/plan1.jpg\" alt=\"Carte randonn\u00e9e Qu\u00e9briac\" width=\"750\" height=\"535\" \/><span style=\"color: #00ccff;\"><span style=\"color: #33cccc;\"><span style=\"color: #3366ff;\">Circuit chemin de la Donac<\/span><\/span><\/span><\/a><\/p>\n<p><img loading=\"lazy\" decoding=\"async\" class=\"alignnone wp-image-5647\" src=\"https:\/\/quebriac.fr\/webcommune\/wp-content\/uploads\/2020\/12\/Chemin-de-la-Donac-745x1024-1.jpg\" alt=\"\" width=\"325\" height=\"447\" srcset=\"https:\/\/quebriac.fr\/webcommune\/wp-content\/uploads\/2020\/12\/Chemin-de-la-Donac-745x1024-1.jpg 745w, https:\/\/quebriac.fr\/webcommune\/wp-content\/uploads\/2020\/12\/Chemin-de-la-Donac-745x1024-1-218x300.jpg 218w, https:\/\/quebriac.fr\/webcommune\/wp-content\/uploads\/2020\/12\/Chemin-de-la-Donac-745x1024-1-109x150.jpg 109w\" sizes=\"(max-width: 325px) 100vw, 325px\" \/><\/p>\n<h4>Circuits de la Bretagne Romantique<\/h4>\n<p>Par ailleurs, La Communaut\u00e9 de Communes de la BRETAGNE ROMANTIQUE a \u00e9dit\u00e9 un Guide de Randonn\u00e9es, disponible dans les Syndicats d\u2019Initiative, Offices du Tourisme, dont voici une Fiche exemple<\/p>\n<p><a href=\"https:\/\/quebriac.fr\/webcommune\/wp-content\/uploads\/2015\/11\/plan2.jpg\"><img loading=\"lazy\" decoding=\"async\" class=\"wp-image-254 size-full alignleft\" src=\"https:\/\/quebriac.fr\/webcommune\/wp-content\/uploads\/2015\/11\/plan2-e1448569539653.jpg\" alt=\"plan2\" width=\"570\" height=\"786\" \/><\/a><\/p>\n<p><img loading=\"lazy\" decoding=\"async\" class=\"alignnone wp-image-252\" src=\"https:\/\/quebriac.fr\/webcommune\/wp-content\/uploads\/2015\/11\/plan3-1-209x300.jpg\" alt=\"\" width=\"397\" height=\"570\" srcset=\"https:\/\/quebriac.fr\/webcommune\/wp-content\/uploads\/2015\/11\/plan3-1-209x300.jpg 209w, https:\/\/quebriac.fr\/webcommune\/wp-content\/uploads\/2015\/11\/plan3-1-104x150.jpg 104w, https:\/\/quebriac.fr\/webcommune\/wp-content\/uploads\/2015\/11\/plan3-1.jpg 397w\" sizes=\"(max-width: 397px) 100vw, 397px\" \/><\/p>\n<p>Partez \u00e0 la d\u00e9couverte de la Bretagne Romantique<\/p>\n<p><a href=\"https:\/\/bretagneromantique.fr\/bretagne-romantique-nord-2\/\" target=\"_blank\" rel=\"noopener\">Circuit Nord<\/a><\/p>\n<p><a href=\"https:\/\/bretagneromantique.fr\/les-velos-promenades\/\" target=\"_blank\" rel=\"noopener\">Les v\u00e9los promenades<\/a><\/p>\n<p>&nbsp;<\/p>\n<p>&nbsp;<\/p>\n<p>&nbsp;<\/p>\n","protected":false},"excerpt":{"rendered":"<p>Circuits de Qu\u00e9briac Reconnue en Ille et Vilaine et au-del\u00e0, Qu\u00e9briac dispose de 45 Km de chemins de randonn\u00e9e, dont l\u2019entretien est assur\u00e9 conjointement par la commune de Qu\u00e9briac et\u2026<\/p>\n<p class=\"continue-reading-button\"> <a class=\"continue-reading-link\" href=\"https:\/\/quebriac.fr\/webcommune\/?page_id=5643\">La suite&#8230;<i class=\"crycon-right-dir\"><\/i><\/a><\/p>\n","protected":false},"author":1,"featured_media":0,"parent":0,"menu_order":0,"comment_status":"closed","ping_status":"closed","template":"","meta":{"footnotes":""},"class_list":["post-5643","page","type-page","status-publish","hentry"],"_links":{"self":[{"href":"https:\/\/quebriac.fr\/webcommune\/index.php?rest_route=\/wp\/v2\/pages\/5643"}],"collection":[{"href":"https:\/\/quebriac.fr\/webcommune\/index.php?rest_route=\/wp\/v2\/pages"}],"about":[{"href":"https:\/\/quebriac.fr\/webcommune\/index.php?rest_route=\/wp\/v2\/types\/page"}],"author":[{"embeddable":true,"href":"https:\/\/quebriac.fr\/webcommune\/index.php?rest_route=\/wp\/v2\/users\/1"}],"replies":[{"embeddable":true,"href":"https:\/\/quebriac.fr\/webcommune\/index.php?rest_route=%2Fwp%2Fv2%2Fcomments&post=5643"}],"version-history":[{"count":7,"href":"https:\/\/quebriac.fr\/webcommune\/index.php?rest_route=\/wp\/v2\/pages\/5643\/revisions"}],"predecessor-version":[{"id":9873,"href":"https:\/\/quebriac.fr\/webcommune\/index.php?rest_route=\/wp\/v2\/pages\/5643\/revisions\/9873"}],"wp:attachment":[{"href":"https:\/\/quebriac.fr\/webcommune\/index.php?rest_route=%2Fwp%2Fv2%2Fmedia&parent=5643"}],"curies":[{"name":"wp","href":"https:\/\/api.w.org\/{rel}","templated":true}]}}