{"id":5831,"date":"2021-02-21T19:14:28","date_gmt":"2021-02-21T17:14:28","guid":{"rendered":"https:\/\/quebriac.fr\/webcommune\/?page_id=5831"},"modified":"2022-05-26T18:44:52","modified_gmt":"2022-05-26T16:44:52","slug":"la-mam","status":"publish","type":"page","link":"https:\/\/quebriac.fr\/webcommune\/?page_id=5831","title":{"rendered":"Maison Assistance Maternelle"},"content":{"rendered":"<p><img loading=\"lazy\" decoding=\"async\" class=\"alignnone size-full wp-image-5868\" src=\"https:\/\/quebriac.fr\/webcommune\/wp-content\/uploads\/2021\/02\/mam.jpg\" alt=\"\" width=\"800\" height=\"361\" \/><\/p>\n<p>La MAM \u00d4 Royaume des Cop&rsquo;inettes, situ\u00e9e au 6 Le Grand Bois, est une Maison d&rsquo;Assistantes Maternelles ; \u00e0 savoir, un mode d&rsquo;accueil \u00e0 mi-chemin entre l&rsquo;accueil \u00e0 domicile d&rsquo;une assistante maternelle et celui collectif d&rsquo;une structure.<\/p>\n<p>Fanny et St\u00e9phanie, assistantes maternelles depuis 2007 et 2008, accueillent du lundi au vendredi,<br \/>\njusqu&rsquo;\u00e0 8 enfants:<br \/>\n&#8211; \u00e2g\u00e9s de 2 mois \u00e0 3 ans (entr\u00e9e en petite section), en accueils r\u00e9guliers \u00e0 temps complet, temps partiel, occasionnel ou d&rsquo;urgence;<br \/>\n&#8211; et jusqu&rsquo;\u00e0 leurs 4 ans (fin de petite section) en accueils p\u00e9riscolaires (que les mercredis et vacances scolaires) en fonction des places disponibles;<br \/>\n&#8211; dans une maison, tr\u00e8s lumineuse, de 150m\u00b2, qui leur est enti\u00e8rement d\u00e9di\u00e9e : am\u00e9nag\u00e9e pour leur bien-\u00eatre, leur bon d\u00e9veloppement, dans une totale s\u00e9curit\u00e9 ;<br \/>\net dans laquelle sont privil\u00e9gi\u00e9s : la motricit\u00e9 libre, le jeu libre, la verbalisation avec la pratique de la langue des signes, l&rsquo;apprentissage de l&rsquo;autonomie et de la socialisation.<\/p>\n<p>Pour plus d&rsquo;informations :<br \/>\n&#8211; venez frapper<br \/>\n&#8211; t\u00e9l\u00e9phonez au 09.88.41.94.30<br \/>\n&#8211; envoyez un mail \u00e0 : oroyaumedescopinettes@gmail.com<br \/>\n&#8211; visitez notre page Facebook :<br \/>\nMAM \u00d4 Royaume des Cop&rsquo;inettes<\/p>\n<p><img loading=\"lazy\" decoding=\"async\" class=\"alignnone size-full wp-image-6151\" src=\"https:\/\/quebriac.fr\/webcommune\/wp-content\/uploads\/2021\/03\/20210218_151400.jpg\" alt=\"\" width=\"1000\" height=\"542\" srcset=\"https:\/\/quebriac.fr\/webcommune\/wp-content\/uploads\/2021\/03\/20210218_151400.jpg 1000w, https:\/\/quebriac.fr\/webcommune\/wp-content\/uploads\/2021\/03\/20210218_151400-300x163.jpg 300w, https:\/\/quebriac.fr\/webcommune\/wp-content\/uploads\/2021\/03\/20210218_151400-768x416.jpg 768w, https:\/\/quebriac.fr\/webcommune\/wp-content\/uploads\/2021\/03\/20210218_151400-150x81.jpg 150w\" sizes=\"(max-width: 1000px) 100vw, 1000px\" \/><img loading=\"lazy\" decoding=\"async\" class=\"alignnone wp-image-6152\" src=\"https:\/\/quebriac.fr\/webcommune\/wp-content\/uploads\/2021\/03\/FB_IMG_1613657043993.jpg\" alt=\"\" width=\"345\" height=\"460\" srcset=\"https:\/\/quebriac.fr\/webcommune\/wp-content\/uploads\/2021\/03\/FB_IMG_1613657043993.jpg 450w, https:\/\/quebriac.fr\/webcommune\/wp-content\/uploads\/2021\/03\/FB_IMG_1613657043993-225x300.jpg 225w, https:\/\/quebriac.fr\/webcommune\/wp-content\/uploads\/2021\/03\/FB_IMG_1613657043993-113x150.jpg 113w\" sizes=\"(max-width: 345px) 100vw, 345px\" \/><img loading=\"lazy\" decoding=\"async\" class=\" wp-image-6153 alignleft\" src=\"https:\/\/quebriac.fr\/webcommune\/wp-content\/uploads\/2021\/03\/FB_IMG_1613657053994.jpg\" alt=\"\" width=\"339\" height=\"452\" srcset=\"https:\/\/quebriac.fr\/webcommune\/wp-content\/uploads\/2021\/03\/FB_IMG_1613657053994.jpg 450w, https:\/\/quebriac.fr\/webcommune\/wp-content\/uploads\/2021\/03\/FB_IMG_1613657053994-225x300.jpg 225w, https:\/\/quebriac.fr\/webcommune\/wp-content\/uploads\/2021\/03\/FB_IMG_1613657053994-113x150.jpg 113w\" sizes=\"(max-width: 339px) 100vw, 339px\" \/><\/p>\n<p>&nbsp;<\/p>\n","protected":false},"excerpt":{"rendered":"<p>La MAM \u00d4 Royaume des Cop&rsquo;inettes, situ\u00e9e au 6 Le Grand Bois, est une Maison d&rsquo;Assistantes Maternelles ; \u00e0 savoir, un mode d&rsquo;accueil \u00e0 mi-chemin entre l&rsquo;accueil \u00e0 domicile d&rsquo;une\u2026<\/p>\n<p class=\"continue-reading-button\"> <a class=\"continue-reading-link\" href=\"https:\/\/quebriac.fr\/webcommune\/?page_id=5831\">La suite&#8230;<i class=\"crycon-right-dir\"><\/i><\/a><\/p>\n","protected":false},"author":1,"featured_media":0,"parent":0,"menu_order":0,"comment_status":"closed","ping_status":"closed","template":"","meta":{"footnotes":""},"class_list":["post-5831","page","type-page","status-publish","hentry"],"_links":{"self":[{"href":"https:\/\/quebriac.fr\/webcommune\/index.php?rest_route=\/wp\/v2\/pages\/5831"}],"collection":[{"href":"https:\/\/quebriac.fr\/webcommune\/index.php?rest_route=\/wp\/v2\/pages"}],"about":[{"href":"https:\/\/quebriac.fr\/webcommune\/index.php?rest_route=\/wp\/v2\/types\/page"}],"author":[{"embeddable":true,"href":"https:\/\/quebriac.fr\/webcommune\/index.php?rest_route=\/wp\/v2\/users\/1"}],"replies":[{"embeddable":true,"href":"https:\/\/quebriac.fr\/webcommune\/index.php?rest_route=%2Fwp%2Fv2%2Fcomments&post=5831"}],"version-history":[{"count":9,"href":"https:\/\/quebriac.fr\/webcommune\/index.php?rest_route=\/wp\/v2\/pages\/5831\/revisions"}],"predecessor-version":[{"id":8000,"href":"https:\/\/quebriac.fr\/webcommune\/index.php?rest_route=\/wp\/v2\/pages\/5831\/revisions\/8000"}],"wp:attachment":[{"href":"https:\/\/quebriac.fr\/webcommune\/index.php?rest_route=%2Fwp%2Fv2%2Fmedia&parent=5831"}],"curies":[{"name":"wp","href":"https:\/\/api.w.org\/{rel}","templated":true}]}}