{"id":5843,"date":"2021-02-25T18:39:43","date_gmt":"2021-02-25T16:39:43","guid":{"rendered":"https:\/\/quebriac.fr\/webcommune\/?page_id=5843"},"modified":"2021-02-25T18:39:43","modified_gmt":"2021-02-25T16:39:43","slug":"mentions-legales-et-credits","status":"publish","type":"page","link":"https:\/\/quebriac.fr\/webcommune\/?page_id=5843","title":{"rendered":"Mentions l\u00e9gales et cr\u00e9dits"},"content":{"rendered":"<p><strong>Mentions L\u00e9gales et Cr\u00e9dits<\/strong><\/p>\n<p style=\"text-align: left;\">\u2022 Directeur de publication: Mme Marie-Madeleine GAMBLIN, maire<br \/>\n\u2022 Cr\u00e9dits photo Mairie de Qu\u00e9briac et partenaires<br \/>\n\u2022 \u00c9diteur :<br \/>\n&#8211; Commune de QUEBRIAC<br \/>\n&#8211; 5 Rue de la Libert\u00e9 35190 QUEBRIAC<br \/>\n&#8211; T\u00e9l. : 02 99 68 03 52<br \/>\n&#8211; Mail : <a href=\"mailto:mairie@quebriac.fr\">mairie@quebriac.fr<\/a><br \/>\n\u2022 H\u00e9bergement : OVH \u2013 2 rue Kellermann \u2013 59100 Roubaix<\/p>\n<p><strong>Droits d\u2019auteur<\/strong><br \/>\nCe site est prot\u00e9g\u00e9 par la l\u00e9gislation fran\u00e7aise et internationale sur le droit d\u2019auteur et la propri\u00e9t\u00e9 intellectuelle. Toute copie, repr\u00e9sentation, adaptation, diffusion, int\u00e9grale ou partielle, du contenu du site est illicite \u00e0 l\u2019exception d\u2019une unique copie r\u00e9serv\u00e9e \u00e0 l\u2019usage priv\u00e9 de l\u2019utilisateur. Les informations contenues dans ce site sont pr\u00e9sent\u00e9es \u00e0 titre purement informatif et sont non contractuelles. La mairie de Qu\u00e9briac ne saurait \u00eatre tenu responsable pour toute erreur ou omission dans les textes et illustrations du site. Les personnes express\u00e9ment nomm\u00e9es dans le site internet peuvent demander \u00e0 retirer ou modifier toutes donn\u00e9es les concernant.<br \/>\nPour tout contact : <a href=\"mailto:mairie@quebriac.fr\">mairie@quebriac.fr<\/a><\/p>\n<p><strong>Utilisation des cookies<\/strong><br \/>\nCe site utilise des \u00abcookies\u00bb \u00e0 des fins purement utilitaires (navigation et statistiques). Les \u00abcookies\u00bb sont des fichiers de format texte stock\u00e9s par votre navigateur interne.<\/p>\n<p><strong>CNIL et donn\u00e9es personnelles<\/strong><br \/>\nLe pr\u00e9sent site a fait l\u2019objet d\u2019une d\u00e9claration \u00e0 la Commission Nationale de l\u2019Informatique et des Libert\u00e9s. Les donn\u00e9es personnelles recueillies par le biais du site ne servent qu\u2019\u00e0 transmettre les demandes. Les donn\u00e9es r\u00e9cup\u00e9r\u00e9es resteront confidentielles et ne feront l\u2019objet d\u2019aucun traitement de la part de la commune de Qu\u00e9briac. Conform\u00e9ment \u00e0 la loi \u00ab Informatique &amp; Libert\u00e9 \u00bb et au \u00ab RGPD \u00bb, vous pouvez exercer vos droits d\u2019acc\u00e8s aux donn\u00e9es, de rectification ou d\u2019opposition en contactant la Mairie de Qu\u00e9briac par email \u00e0 : <a href=\"mailto:mairie@quebriac.fr\">mairie@quebriac.fr<\/a> ou par courrier : 5 Rue de la Libert\u00e9 35190 QUEBRIAC, ainsi qu\u2019au d\u00e9l\u00e9gu\u00e9 \u00e0 la protection des donn\u00e9es : Centre de Gestion d\u2019Ille-et-Vilaine, Village des collectivit\u00e9s territoriales, 1 avenue de Tiz\u00e9, CS 13600, 35236 Thorign\u00e9Fouillard Cedex ou : <a href=\"mailto:dpd@cdg35.fr\">dpd@cdg35.fr<\/a>. En cas de manquement \u00e0 ces obligations, vous pouvez saisir la CNIL.<\/p>\n<p><strong>Liens hypertextes<\/strong><br \/>\nCe site internet contient un certain nombre de liens hypertextes vers d\u2019autres sites. Cependant, <a href=\"https:\/\/quebriac.fr\" target=\"_blank\" rel=\"noopener noreferrer\">https:\/\/quebriac.fr<\/a> n\u2019a pas la possibilit\u00e9 de suivre et de v\u00e9rifier le contenu de ces sites, et n\u2019assumera en cons\u00e9quence aucune responsabilit\u00e9 de ce fait.<\/p>\n","protected":false},"excerpt":{"rendered":"<p>Mentions L\u00e9gales et Cr\u00e9dits \u2022 Directeur de publication: Mme Marie-Madeleine GAMBLIN, maire \u2022 Cr\u00e9dits photo Mairie de Qu\u00e9briac et partenaires \u2022 \u00c9diteur : &#8211; Commune de QUEBRIAC &#8211; 5 Rue\u2026<\/p>\n<p class=\"continue-reading-button\"> <a class=\"continue-reading-link\" href=\"https:\/\/quebriac.fr\/webcommune\/?page_id=5843\">La suite&#8230;<i class=\"crycon-right-dir\"><\/i><\/a><\/p>\n","protected":false},"author":1,"featured_media":0,"parent":0,"menu_order":0,"comment_status":"closed","ping_status":"closed","template":"","meta":{"footnotes":""},"class_list":["post-5843","page","type-page","status-publish","hentry"],"_links":{"self":[{"href":"https:\/\/quebriac.fr\/webcommune\/index.php?rest_route=\/wp\/v2\/pages\/5843"}],"collection":[{"href":"https:\/\/quebriac.fr\/webcommune\/index.php?rest_route=\/wp\/v2\/pages"}],"about":[{"href":"https:\/\/quebriac.fr\/webcommune\/index.php?rest_route=\/wp\/v2\/types\/page"}],"author":[{"embeddable":true,"href":"https:\/\/quebriac.fr\/webcommune\/index.php?rest_route=\/wp\/v2\/users\/1"}],"replies":[{"embeddable":true,"href":"https:\/\/quebriac.fr\/webcommune\/index.php?rest_route=%2Fwp%2Fv2%2Fcomments&post=5843"}],"version-history":[{"count":1,"href":"https:\/\/quebriac.fr\/webcommune\/index.php?rest_route=\/wp\/v2\/pages\/5843\/revisions"}],"predecessor-version":[{"id":5844,"href":"https:\/\/quebriac.fr\/webcommune\/index.php?rest_route=\/wp\/v2\/pages\/5843\/revisions\/5844"}],"wp:attachment":[{"href":"https:\/\/quebriac.fr\/webcommune\/index.php?rest_route=%2Fwp%2Fv2%2Fmedia&parent=5843"}],"curies":[{"name":"wp","href":"https:\/\/api.w.org\/{rel}","templated":true}]}}