{"id":5903,"date":"2021-02-27T23:57:47","date_gmt":"2021-02-27T21:57:47","guid":{"rendered":"https:\/\/quebriac.fr\/webcommune\/?page_id=5903"},"modified":"2022-09-07T17:56:27","modified_gmt":"2022-09-07T15:56:27","slug":"animation-sociale","status":"publish","type":"page","link":"https:\/\/quebriac.fr\/webcommune\/?page_id=5903","title":{"rendered":"Animation Sociale"},"content":{"rendered":"<p><strong>ANIMATION SOCIALE<\/strong><\/p>\n<p><span style=\"color: #339966;\"> -Les apr\u00e8s-midis r\u00e9cr\u00e9atifs<\/span><\/p>\n<p>Le CCAS de Qu\u00e9briac organise le 2<sup>\u00e8me<\/sup> jeudi du mois une apr\u00e8s-midi r\u00e9cr\u00e9ative pour tous les joueurs, jeunes et moins jeunes de Qu\u00e9briac qui souhaitent passer un agr\u00e9able moment de d\u00e9tente et de d\u00e9couverte.<\/p>\n<p>Des jeux d\u2019adresse, de m\u00e9moire, de calcul, de logique\u2026pour tous les go\u00fbts. Pour le simple plaisir du jeu et dans l\u2019envie d\u2019\u00e9changer en toute convivialit\u00e9.<\/p>\n<p>Entr\u00e9e libre, de 14h15 \u00e0 16h15, <strong>\u00e0 la salle du village du Courtil No\u00eb. <\/strong><\/p>\n<p><span style=\"color: #339966;\"> -Les apr\u00e8s-midi \u00ab jeux pour tous \u00bb<\/span><\/p>\n<p>Les apr\u00e8s-midis \u00ab Jeux pour tous \u00bb sont des temps de jeu \u00e0 partager en famille, de 3 \u00e0 103 ans.<\/p>\n<p>Vous y trouverez convivialit\u00e9, cr\u00e9ation de liens interg\u00e9n\u00e9rationnels et \u00e9changes, autour de jeux adapt\u00e9s \u00e0 tous. Ces apr\u00e8s-midis sont anim\u00e9s \u00e0 la salle du Village du Courtil No\u00eb par la ludoth\u00e8que Au Bois des Ludes, en partenariat avec le SIVU Anim&rsquo;6 et la commune de Qu\u00e9briac.<\/p>\n<p><span style=\"color: #339966;\"> -Sortons de chez nous<br \/>\n<\/span><\/p>\n<p><strong>Sortons de chez nous <\/strong>est un dispositif exp\u00e9rimental permettant de lutter contre l\u2019isolement des personnes \u00e2g\u00e9es et\/ou en situation de handicap, voire de fragilit\u00e9 sur la commune de Qu\u00e9briac. Par la mise en place d\u2019actions vari\u00e9es (ateliers de pr\u00e9vention, de loisirs, manuels, des sorties, des rencontres collectives, etc\u2026), le partenariat \u00ab CCAS et ADMR de Tint\u00e9niac \u00bb permet aux personnes de cr\u00e9er, recr\u00e9er ou maintenir du lien social au sein de petits groupes.<\/p>\n<p><span style=\"color: #339966;\">-La f\u00eate de la Famille<\/span><\/p>\n<p>Chaque ann\u00e9e \u00e0 l\u2019occasion de la f\u00eate des m\u00e8res et des p\u00e8res, le CCAS accueille les nouveau-n\u00e9s de l\u2019ann\u00e9e ainsi que les nouveaux habitants de la commune. Une occasion de faire connaissance, de partager ensemble des moments de convivialit\u00e9 et de profiter de petits spectacles. De quoi m\u00ealer toutes les g\u00e9n\u00e9rations.<\/p>\n<p><span style=\"color: #339966;\">-Le repas des ain\u00e9s<\/span><\/p>\n<p>La tradition est l\u00e0. Chaque ann\u00e9e, Qu\u00e9briac f\u00eate ses ain\u00e9s de 68 ans et plus, au cours d\u2019un repas, \u00e0 l\u2019invitation du CCAS.<\/p>\n<p>Chorales, chanteurs, danseurs, musiciens, de quoi assurer une ambiance r\u00e9ussie avec un service de qualit\u00e9 gr\u00e2ce \u00e0 la pr\u00e9sence des jeunes de la commune.<\/p>\n<p>Un colis est distribu\u00e9 aux personnes qui ne peuvent pas se d\u00e9placer pour des raisons de sant\u00e9.<\/p>\n<p><span style=\"color: #339966;\">-Les colis de no\u00ebl<\/span><\/p>\n<p>Des colis de No\u00ebl sont distribu\u00e9s par les membres du CCAS aux personnes qui sont en Ehpad.<\/p>\n<p><span style=\"color: #339966;\">-Le verger du Poncel<\/span><\/p>\n<p><strong>Ramassage et fabrication de jus de pomme<\/strong><\/p>\n<p><img loading=\"lazy\" decoding=\"async\" class=\"wp-image-8347 alignright\" src=\"https:\/\/quebriac.fr\/webcommune\/wp-content\/uploads\/2022\/09\/IMG_6891-1-768x512-1-300x200.jpg\" alt=\"\" width=\"338\" height=\"225\" srcset=\"https:\/\/quebriac.fr\/webcommune\/wp-content\/uploads\/2022\/09\/IMG_6891-1-768x512-1-300x200.jpg 300w, https:\/\/quebriac.fr\/webcommune\/wp-content\/uploads\/2022\/09\/IMG_6891-1-768x512-1-150x100.jpg 150w, https:\/\/quebriac.fr\/webcommune\/wp-content\/uploads\/2022\/09\/IMG_6891-1-768x512-1-272x182.jpg 272w, https:\/\/quebriac.fr\/webcommune\/wp-content\/uploads\/2022\/09\/IMG_6891-1-768x512-1.jpg 768w\" sizes=\"(max-width: 338px) 100vw, 338px\" \/><img loading=\"lazy\" decoding=\"async\" class=\"wp-image-8349 alignnone\" src=\"https:\/\/quebriac.fr\/webcommune\/wp-content\/uploads\/2022\/09\/IMG_6895-768x512-1-300x200.jpg\" alt=\"\" width=\"344\" height=\"229\" srcset=\"https:\/\/quebriac.fr\/webcommune\/wp-content\/uploads\/2022\/09\/IMG_6895-768x512-1-300x200.jpg 300w, https:\/\/quebriac.fr\/webcommune\/wp-content\/uploads\/2022\/09\/IMG_6895-768x512-1-150x100.jpg 150w, https:\/\/quebriac.fr\/webcommune\/wp-content\/uploads\/2022\/09\/IMG_6895-768x512-1-272x182.jpg 272w, https:\/\/quebriac.fr\/webcommune\/wp-content\/uploads\/2022\/09\/IMG_6895-768x512-1.jpg 768w\" sizes=\"(max-width: 344px) 100vw, 344px\" \/><\/p>\n<p><iframe loading=\"lazy\" src=\"https:\/\/player.vimeo.com\/video\/384955526?h=134ce55f73&amp;color=ff6e21&amp;title=0&amp;portrait=0\" width=\"640\" height=\"360\" frameborder=\"0\" allowfullscreen=\"allowfullscreen\"><\/iframe><\/p>\n<p><strong>Atelier greffe de pommiers<\/strong><\/p>\n<p><img loading=\"lazy\" decoding=\"async\" class=\"alignleft wp-image-8350\" src=\"https:\/\/quebriac.fr\/webcommune\/wp-content\/uploads\/2022\/09\/20200229_110906-768x576-1-300x225.jpg\" alt=\"\" width=\"344\" height=\"258\" srcset=\"https:\/\/quebriac.fr\/webcommune\/wp-content\/uploads\/2022\/09\/20200229_110906-768x576-1-300x225.jpg 300w, https:\/\/quebriac.fr\/webcommune\/wp-content\/uploads\/2022\/09\/20200229_110906-768x576-1-150x113.jpg 150w, https:\/\/quebriac.fr\/webcommune\/wp-content\/uploads\/2022\/09\/20200229_110906-768x576-1.jpg 768w\" sizes=\"(max-width: 344px) 100vw, 344px\" \/><img loading=\"lazy\" decoding=\"async\" class=\"alignnone wp-image-8351\" src=\"https:\/\/quebriac.fr\/webcommune\/wp-content\/uploads\/2022\/09\/20200229_105114-768x576-1-300x225.jpg\" alt=\"\" width=\"344\" height=\"258\" srcset=\"https:\/\/quebriac.fr\/webcommune\/wp-content\/uploads\/2022\/09\/20200229_105114-768x576-1-300x225.jpg 300w, https:\/\/quebriac.fr\/webcommune\/wp-content\/uploads\/2022\/09\/20200229_105114-768x576-1-150x113.jpg 150w, https:\/\/quebriac.fr\/webcommune\/wp-content\/uploads\/2022\/09\/20200229_105114-768x576-1.jpg 768w\" sizes=\"(max-width: 344px) 100vw, 344px\" \/><\/p>\n<p><span style=\"color: #339966;\">-Le poulailler<\/span><\/p>\n<p><strong>Le Courtil Paille<\/strong><\/p>\n<p>Vous souhaitez faire partie de cette aventure, venez nous rejoindre !<\/p>\n<p>Nous aimons avoir de la visite et \u00eatre choy\u00e9s mais aussi r\u00e9galer nos gardiens avec nos bons \u0153ufs frais.<\/p>\n<p>N\u2019h\u00e9sitez pas \u00e0 contacter la mairie pour rejoindre le Collectif POULAILLER ou pour avoir plus d\u2019informations<\/p>\n<p><img loading=\"lazy\" decoding=\"async\" class=\"alignnone size-full wp-image-8352\" src=\"https:\/\/quebriac.fr\/webcommune\/wp-content\/uploads\/2022\/09\/poules.jpg\" alt=\"\" width=\"1000\" height=\"707\" srcset=\"https:\/\/quebriac.fr\/webcommune\/wp-content\/uploads\/2022\/09\/poules.jpg 1000w, https:\/\/quebriac.fr\/webcommune\/wp-content\/uploads\/2022\/09\/poules-300x212.jpg 300w, https:\/\/quebriac.fr\/webcommune\/wp-content\/uploads\/2022\/09\/poules-768x543.jpg 768w, https:\/\/quebriac.fr\/webcommune\/wp-content\/uploads\/2022\/09\/poules-150x106.jpg 150w\" sizes=\"(max-width: 1000px) 100vw, 1000px\" \/><\/p>\n","protected":false},"excerpt":{"rendered":"<p>ANIMATION SOCIALE -Les apr\u00e8s-midis r\u00e9cr\u00e9atifs Le CCAS de Qu\u00e9briac organise le 2\u00e8me jeudi du mois une apr\u00e8s-midi r\u00e9cr\u00e9ative pour tous les joueurs, jeunes et moins jeunes de Qu\u00e9briac qui souhaitent\u2026<\/p>\n<p class=\"continue-reading-button\"> <a class=\"continue-reading-link\" href=\"https:\/\/quebriac.fr\/webcommune\/?page_id=5903\">La suite&#8230;<i class=\"crycon-right-dir\"><\/i><\/a><\/p>\n","protected":false},"author":1,"featured_media":0,"parent":0,"menu_order":0,"comment_status":"closed","ping_status":"closed","template":"","meta":{"footnotes":""},"class_list":["post-5903","page","type-page","status-publish","hentry"],"_links":{"self":[{"href":"https:\/\/quebriac.fr\/webcommune\/index.php?rest_route=\/wp\/v2\/pages\/5903"}],"collection":[{"href":"https:\/\/quebriac.fr\/webcommune\/index.php?rest_route=\/wp\/v2\/pages"}],"about":[{"href":"https:\/\/quebriac.fr\/webcommune\/index.php?rest_route=\/wp\/v2\/types\/page"}],"author":[{"embeddable":true,"href":"https:\/\/quebriac.fr\/webcommune\/index.php?rest_route=\/wp\/v2\/users\/1"}],"replies":[{"embeddable":true,"href":"https:\/\/quebriac.fr\/webcommune\/index.php?rest_route=%2Fwp%2Fv2%2Fcomments&post=5903"}],"version-history":[{"count":5,"href":"https:\/\/quebriac.fr\/webcommune\/index.php?rest_route=\/wp\/v2\/pages\/5903\/revisions"}],"predecessor-version":[{"id":8353,"href":"https:\/\/quebriac.fr\/webcommune\/index.php?rest_route=\/wp\/v2\/pages\/5903\/revisions\/8353"}],"wp:attachment":[{"href":"https:\/\/quebriac.fr\/webcommune\/index.php?rest_route=%2Fwp%2Fv2%2Fmedia&parent=5903"}],"curies":[{"name":"wp","href":"https:\/\/api.w.org\/{rel}","templated":true}]}}