{"id":8642,"date":"2022-11-13T11:08:19","date_gmt":"2022-11-13T09:08:19","guid":{"rendered":"https:\/\/quebriac.fr\/webcommune\/?page_id=8642"},"modified":"2025-05-21T14:41:03","modified_gmt":"2025-05-21T12:41:03","slug":"circuit-de-malnoe","status":"publish","type":"page","link":"https:\/\/quebriac.fr\/webcommune\/?page_id=8642","title":{"rendered":"Circuit de Malno\u00eb"},"content":{"rendered":"<div id=\"pl-8642\"  class=\"panel-layout\" ><div id=\"pg-8642-0\"  class=\"panel-grid panel-no-style\" ><div id=\"pgc-8642-0-0\"  class=\"panel-grid-cell\" ><div id=\"panel-8642-0-0-0\" class=\"so-panel widget widget_text panel-first-child panel-last-child\" data-index=\"0\" >\t\t\t<div class=\"textwidget\"><p>&#8211; En p\u00e9riode hivernale, il est possible que certaines parties du parcours soient impraticables. Merci de votre compr\u00e9hension<\/p>\n<p style=\"text-align: left;\">&#8211; Chemins entretenus par l&rsquo;association QUEB Rando<\/p>\n<p style=\"text-align: left;\"><img loading=\"lazy\" decoding=\"async\" class=\"size-full wp-image-11920 alignleft\" src=\"https:\/\/quebriac.fr\/webcommune\/wp-content\/uploads\/2025\/05\/images.png\" alt=\"\" width=\"180\" height=\"69\" srcset=\"https:\/\/quebriac.fr\/webcommune\/wp-content\/uploads\/2025\/05\/images.png 180w, https:\/\/quebriac.fr\/webcommune\/wp-content\/uploads\/2025\/05\/images-150x58.png 150w\" sizes=\"(max-width: 180px) 100vw, 180px\" \/><\/p>\n<\/div>\n\t\t<\/div><\/div><\/div><div id=\"pg-8642-1\"  class=\"panel-grid panel-no-style\" ><div id=\"pgc-8642-1-0\"  class=\"panel-grid-cell\" ><div id=\"panel-8642-1-0-0\" class=\"so-panel widget widget_media_image panel-first-child panel-last-child\" data-index=\"1\" ><img loading=\"lazy\" decoding=\"async\" width=\"277\" height=\"700\" src=\"https:\/\/quebriac.fr\/webcommune\/wp-content\/uploads\/2022\/11\/bandeau_gauche2.jpg\" class=\"image wp-image-8643  attachment-277x700 size-277x700\" alt=\"\" style=\"max-width: 100%; height: auto;\" srcset=\"https:\/\/quebriac.fr\/webcommune\/wp-content\/uploads\/2022\/11\/bandeau_gauche2.jpg 390w, https:\/\/quebriac.fr\/webcommune\/wp-content\/uploads\/2022\/11\/bandeau_gauche2-119x300.jpg 119w, https:\/\/quebriac.fr\/webcommune\/wp-content\/uploads\/2022\/11\/bandeau_gauche2-59x150.jpg 59w\" sizes=\"(max-width: 277px) 100vw, 277px\" \/><\/div><\/div><div id=\"pgc-8642-1-1\"  class=\"panel-grid-cell\" ><div id=\"panel-8642-1-1-0\" class=\"widget_text so-panel widget widget_custom_html panel-first-child panel-last-child\" data-index=\"2\" ><div class=\"textwidget custom-html-widget\"><iframe loading=\"lazy\" src=\"https:\/\/www.google.com\/maps\/d\/embed?mid=1Jyst9-5XXhAv1fi-9d7r2Q7B8cRRcMs&ehbc=2E312F\" width=\"900\" height=\"700\"><\/iframe>\n<br><br>\n<a href=\"https:\/\/quebriac.fr\/webcommune\/wp-content\/uploads\/2025\/01\/1_circuit_de_malnoe.gpx\">T\u00e9l\u00e9charger le circuit au format gpx<\/a><\/div><\/div><\/div><\/div><div id=\"pg-8642-2\"  class=\"panel-grid panel-no-style\" ><div id=\"pgc-8642-2-0\"  class=\"panel-grid-cell\" ><div id=\"panel-8642-2-0-0\" class=\"so-panel widget widget_media_image panel-first-child panel-last-child\" data-index=\"3\" ><img loading=\"lazy\" decoding=\"async\" width=\"245\" height=\"300\" src=\"https:\/\/quebriac.fr\/webcommune\/wp-content\/uploads\/2022\/11\/carnet2-245x300.jpg\" class=\"image wp-image-8647  attachment-medium size-medium\" alt=\"\" style=\"max-width: 100%; height: auto;\" srcset=\"https:\/\/quebriac.fr\/webcommune\/wp-content\/uploads\/2022\/11\/carnet2-245x300.jpg 245w, https:\/\/quebriac.fr\/webcommune\/wp-content\/uploads\/2022\/11\/carnet2-123x150.jpg 123w, https:\/\/quebriac.fr\/webcommune\/wp-content\/uploads\/2022\/11\/carnet2.jpg 753w\" sizes=\"(max-width: 245px) 100vw, 245px\" \/><\/div><\/div><div id=\"pgc-8642-2-1\"  class=\"panel-grid-cell\" ><div id=\"panel-8642-2-1-0\" class=\"so-panel widget widget_text panel-first-child panel-last-child\" data-index=\"4\" ><div class=\"so-rounded panel-widget-style panel-widget-style-for-8642-2-1-0\" >\t\t\t<div class=\"textwidget\"><p><strong><u>Le saviez-vous ?<\/u><\/strong><\/p>\n<p>Qu\u00e9briac, Couberia en gallo et Kevrieg en breton, est une commune tr\u00e8s ancienne et profond\u00e9ment li\u00e9e \u00e0 l\u2019histoire de la Bretagne au travers des si\u00e8cles. La terminaison en -ac d\u00e9signe son origine \u00e0 la p\u00e9riode gallo-romaine. La 1\u00e8re orthographe connue de notre cit\u00e9 est Quebriacum en 1133, Chibriac en 1147, Quebriach en 1183 et enfin Qu\u00e9briac \u00e0 partir du 16\u00e8me si\u00e8cle. Les maisons sont construites autour de l\u2019\u00e9glise et du presbyt\u00e8re plac\u00e9s au c\u0153ur du bourg. Lors des 19\u00e8me et 20\u00e8me si\u00e8cle, la physionomie de Qu\u00e9briac va fortement \u00e9voluer par la construction de nouveaux b\u00e2timents et l\u2019\u00e9largissement des voies de communication<\/p>\n<\/div>\n\t\t<\/div><\/div><\/div><div id=\"pgc-8642-2-2\"  class=\"panel-grid-cell\" ><div id=\"panel-8642-2-2-0\" class=\"so-panel widget widget_media_image panel-first-child panel-last-child\" data-index=\"5\" ><img loading=\"lazy\" decoding=\"async\" width=\"500\" height=\"333\" src=\"https:\/\/quebriac.fr\/webcommune\/wp-content\/uploads\/2022\/11\/eglise2-768x511-1.jpg\" class=\"image wp-image-8652  attachment-500x333 size-500x333\" alt=\"\" style=\"max-width: 100%; height: auto;\" srcset=\"https:\/\/quebriac.fr\/webcommune\/wp-content\/uploads\/2022\/11\/eglise2-768x511-1.jpg 768w, https:\/\/quebriac.fr\/webcommune\/wp-content\/uploads\/2022\/11\/eglise2-768x511-1-300x200.jpg 300w, https:\/\/quebriac.fr\/webcommune\/wp-content\/uploads\/2022\/11\/eglise2-768x511-1-150x100.jpg 150w, https:\/\/quebriac.fr\/webcommune\/wp-content\/uploads\/2022\/11\/eglise2-768x511-1-272x182.jpg 272w\" sizes=\"(max-width: 500px) 100vw, 500px\" \/><\/div><\/div><\/div><div id=\"pg-8642-3\"  class=\"panel-grid panel-no-style\" ><div id=\"pgc-8642-3-0\"  class=\"panel-grid-cell\" ><div id=\"panel-8642-3-0-0\" class=\"so-panel widget widget_text panel-first-child panel-last-child\" data-index=\"6\" >\t\t\t<div class=\"textwidget\"><p>D\u00e9part du parking de l\u2019\u00e9glise \u00e0 Qu\u00e9briac (possibilit\u00e9 de visiter l\u2019\u00e9glise et sa magnifique verri\u00e8re). Partir vers l\u2019ouest vers le chemin situ\u00e9 avant le n\u00b019 de la rue des Dames. Passez entre les 2 maisons et allez tout droit. Au bout du chemin, prendre \u00e0 droite sur 20 m\u00e8tres puis tournez \u00e0 gauche en direction du square. Traversez-le entre les jeux et le terrain de boules puis ressortir par un petit passage. Traversez la rue et empruntez le sentier en face qui contourne le lotissement.<\/p>\n<\/div>\n\t\t<\/div><\/div><\/div><div id=\"pg-8642-4\"  class=\"panel-grid panel-no-style\" ><div id=\"pgc-8642-4-0\"  class=\"panel-grid-cell\" ><div id=\"panel-8642-4-0-0\" class=\"so-panel widget widget_text panel-first-child panel-last-child\" data-index=\"7\" >\t\t\t<div class=\"textwidget\"><p>Prendre \u00e0 gauche un petit chemin en pente descendante pour atteindre le chemin de Refoul qui longe une ch\u00e2taigneraie. Prendre ensuite \u00e0 gauche, passez les ponts surplombant la rivi\u00e8re de la Donac. Arriv\u00e9s au canal, prenez \u00e0 droite vers le halage. Poursuivez votre chemin le long du canal. Vous passerez pr\u00e8s de l\u2019\u00e9cluse du Gu\u00e9 de No\u00eblland puis vous arriverez \u00e0 l\u2019\u00e9cluse du Pont Houitte. Tournez \u00e0 gauche et traversez le pont. Poursuivez sur environ 40 m\u00e8tres et tournez \u00e0 gauche vers un joli chemin creux qui\u00a0 monte vers le village de <strong>Tr\u00e9magou\u00ebt <\/strong>. Au bout de ce chemin, tournez \u00e0 gauche et continuez jusqu\u2019au prochain carrefour. Poursuivez sur 50 m\u00e8tres en direction du village de la Tenue et admirez le joli point de vue sur la campagne de Qu\u00e9briac. Faites demi-tour et au carrefour, prenez \u00e0 gauche.<\/p>\n<\/div>\n\t\t<\/div><\/div><div id=\"pgc-8642-4-1\"  class=\"panel-grid-cell\" ><div id=\"panel-8642-4-1-0\" class=\"so-panel widget widget_text panel-first-child panel-last-child\" data-index=\"8\" ><div class=\"so-rounded panel-widget-style panel-widget-style-for-8642-4-1-0\" >\t\t\t<div class=\"textwidget\"><p><strong><u>Le saviez-vous ?<\/u><\/strong><\/p>\n<p><u>Tremagou\u00ebt<\/u> est un nom d\u2019origine bretonne (Tre-\u00a0: lieu habit\u00e9 et -gou\u00ebt\u00a0: bois). L\u2019Homme occupe ce lieu depuis le N\u00e9olithique comme l\u2019atteste la d\u00e9couverte d\u2019une pierre polie. Une motte f\u00e9odale datant du Moyen-\u00e2ge y est \u00e9galement pr\u00e9sente.<\/p>\n<p>Ce lieu-dit appartenait auparavant \u00e0 la commune de Tint\u00e9niac. En 1836, suite \u00e0 un \u00e9change avec St M\u00e9loir des Bois (proche de H\u00e9d\u00e9), Tremagou\u00ebt, ainsi que la Pilais, le Buisson et le Puits Morin, sont rattach\u00e9s \u00e0 la commune de Qu\u00e9briac.<\/p>\n<\/div>\n\t\t<\/div><\/div><\/div><\/div><div id=\"pg-8642-5\"  class=\"panel-grid panel-no-style\" ><div id=\"pgc-8642-5-0\"  class=\"panel-grid-cell\" ><div id=\"panel-8642-5-0-0\" class=\"so-panel widget widget_text panel-first-child panel-last-child\" data-index=\"9\" ><div class=\"so-rounded panel-widget-style panel-widget-style-for-8642-5-0-0\" >\t\t\t<div class=\"textwidget\"><p><strong><u>Le saviez-vous ?<\/u><\/strong><\/p>\n<p>Vous venez de passer pr\u00e8s de 3 lieux-dits. Mais que signifient leurs noms\u00a0?<\/p>\n<p><u>Malno\u00eb\u00a0<\/u>: d\u00e9signe une terre humide<\/p>\n<p><u>Les Ecottais<\/u>\u00a0: en Bretagne, ce nom indique la pr\u00e9sence de taillis. Mais il se rapporte \u00e9galement \u00e0 un lieu qui \u00e9t\u00e9 d\u00e9frich\u00e9, \u00e0 partir du Moyen-Age, par la famille L\u00e9cotai qui r\u00e9sidait en ce lieu<\/p>\n<p><u>Les Portes<\/u>\u00a0: nom donn\u00e9 \u00e0 une m\u00e9tairie noble situ\u00e9e aux abords d\u2019un ch\u00e2teau.<\/p>\n<\/div>\n\t\t<\/div><\/div><\/div><div id=\"pgc-8642-5-1\"  class=\"panel-grid-cell\" ><div id=\"panel-8642-5-1-0\" class=\"so-panel widget widget_text panel-first-child panel-last-child\" data-index=\"10\" >\t\t\t<div class=\"textwidget\"><p>Avant d\u2019arriver au village de Ch\u00e2teau Renaud, empruntez \u00e0 gauche vers le chemin empierr\u00e9 et poursuivez durant 800 m\u00e8tres environ. Tournez \u00e0 gauche au lieu-dit Petit Clairville. Continuez tout droit sur le chemin en direction de <strong>Malno\u00eb <\/strong>. Au bout de ce chemin, tournez \u00e0 droite sur la route goudronn\u00e9e. Poursuivez toujours tout droit durant 1 km en passant par les villages <strong>des<\/strong> <strong>Ecottais<\/strong>\u00a0 et <strong>des Portes <\/strong>.<\/p>\n<\/div>\n\t\t<\/div><\/div><\/div><div id=\"pg-8642-6\"  class=\"panel-grid panel-no-style\" ><div id=\"pgc-8642-6-0\"  class=\"panel-grid-cell\" ><div id=\"panel-8642-6-0-0\" class=\"so-panel widget widget_text panel-first-child panel-last-child\" data-index=\"11\" >\t\t\t<div class=\"textwidget\"><p>Vous pouvez admirer sur votre droite le <strong>manoir de la Gromillais<\/strong> (propri\u00e9t\u00e9 priv\u00e9e) avant d\u2019arriver \u00e0 l\u2019\u00e9cluse de <strong><em>la Gromillais<\/em><\/strong>. A l\u2019intersection, tournez \u00e0 gauche, passez le pont situ\u00e9 au-dessus du canal. Poursuivez sur la route qui m\u00e8ne au bourg de <strong>Qu\u00e9briac<\/strong> en empruntant le trottoir, traversez les deux bras de la rivi\u00e8re de <strong>la Donac<\/strong> et continuez sur 50 m\u00e8tres environ.<\/p>\n<\/div>\n\t\t<\/div><\/div><\/div><div id=\"pg-8642-7\"  class=\"panel-grid panel-no-style\" ><div id=\"pgc-8642-7-0\"  class=\"panel-grid-cell\" ><div id=\"panel-8642-7-0-0\" class=\"so-panel widget widget_text panel-first-child panel-last-child\" data-index=\"12\" ><div class=\"so-rounded panel-widget-style panel-widget-style-for-8642-7-0-0\" >\t\t\t<div class=\"textwidget\"><p><img loading=\"lazy\" decoding=\"async\" class=\"size-full wp-image-8663 alignleft\" src=\"https:\/\/quebriac.fr\/webcommune\/wp-content\/uploads\/2022\/11\/gromillais.jpg\" alt=\"\" width=\"230\" height=\"151\" srcset=\"https:\/\/quebriac.fr\/webcommune\/wp-content\/uploads\/2022\/11\/gromillais.jpg 230w, https:\/\/quebriac.fr\/webcommune\/wp-content\/uploads\/2022\/11\/gromillais-150x98.jpg 150w\" sizes=\"(max-width: 230px) 100vw, 230px\" \/><strong><u>Le saviez-vous ?<\/u><\/strong><\/p>\n<p>Le manoir de la Gromillais a \u00e9t\u00e9 \u00e9difi\u00e9 au d\u00e9but du 17<sup>\u00e8me<\/sup> si\u00e8cle puis reconstruit en 1827 par l\u2019architecte rennais Louis Richelot.\u00a0 Le b\u00e2timent a ensuite \u00e9t\u00e9 agrandi en 1875.<\/p>\n<p>Cette propri\u00e9t\u00e9 priv\u00e9e poss\u00e8de \u00e9galement de nombreuses d\u00e9pendances dont une ancienne m\u00e9tairie et une chapelle qui date, dans sa partie la plus ancienne, de 1610.<\/p>\n<\/div>\n\t\t<\/div><\/div><\/div><\/div><div id=\"pg-8642-8\"  class=\"panel-grid panel-no-style\" ><div id=\"pgc-8642-8-0\"  class=\"panel-grid-cell\" ><div id=\"panel-8642-8-0-0\" class=\"so-panel widget widget_text panel-first-child panel-last-child\" data-index=\"13\" >\t\t\t<div class=\"textwidget\"><p>En bas du lotissement, prenez sur votre gauche la voie bitum\u00e9e et partag\u00e9e entre pi\u00e9tons et cyclistes. Au rond-point, allez en face pour retrouver le bourg. Admirez sur votre droite la mairie et \u00e0 gauche l\u2019ancien prieur\u00e9. A l\u2019intersection, tournez \u00e0 droite et passez devant le monument aux morts. Vous \u00eates arriv\u00e9s au point de d\u00e9part.<\/p>\n<\/div>\n\t\t<\/div><\/div><\/div><div id=\"pg-8642-9\"  class=\"panel-grid panel-no-style\" ><div id=\"pgc-8642-9-0\"  class=\"panel-grid-cell\" ><div id=\"panel-8642-9-0-0\" class=\"so-panel widget widget_text panel-first-child panel-last-child\" data-index=\"14\" ><div class=\"so-rounded panel-widget-style panel-widget-style-for-8642-9-0-0\" >\t\t\t<div class=\"textwidget\"><p><strong><u>Le saviez-vous ?<\/u><\/strong><\/p>\n<p>La rivi\u00e8re de la Donac prend naissance dans la commune de Vignoc. D\u2019une longueur de 21,3 kms, le cours d\u2019eau traverse 9 communes avant d\u2019\u00eatre un affluent du Linon.<br \/>\nLa particularit\u00e9 \u00e0 Qu\u00e9briac est que la rivi\u00e8re est constitu\u00e9e de 2 bras. En effet, au niveau des prairies du Refoul, il a \u00e9t\u00e9 creus\u00e9 au 13\u00e8me ou 14\u00e8me si\u00e8cle par les seigneurs de Qu\u00e9briac, un nouveau lit afin d\u2019alimenter le moulin \u00e0 eau situ\u00e9 au lieu-dit le Grand-Moulin.<\/p>\n<\/div>\n\t\t<\/div><\/div><\/div><\/div><\/div>","protected":false},"excerpt":{"rendered":"<p>&#8211; En p\u00e9riode hivernale, il est possible que certaines parties du parcours soient impraticables. Merci de votre compr\u00e9hension &#8211; Chemins entretenus par l&rsquo;association QUEB Rando<\/p>\n<p class=\"continue-reading-button\"> <a class=\"continue-reading-link\" href=\"https:\/\/quebriac.fr\/webcommune\/?page_id=8642\">La suite&#8230;<i class=\"crycon-right-dir\"><\/i><\/a><\/p>\n","protected":false},"author":1,"featured_media":0,"parent":0,"menu_order":0,"comment_status":"closed","ping_status":"closed","template":"templates\/template-onecolumn.php","meta":{"footnotes":""},"class_list":["post-8642","page","type-page","status-publish","hentry"],"_links":{"self":[{"href":"https:\/\/quebriac.fr\/webcommune\/index.php?rest_route=\/wp\/v2\/pages\/8642"}],"collection":[{"href":"https:\/\/quebriac.fr\/webcommune\/index.php?rest_route=\/wp\/v2\/pages"}],"about":[{"href":"https:\/\/quebriac.fr\/webcommune\/index.php?rest_route=\/wp\/v2\/types\/page"}],"author":[{"embeddable":true,"href":"https:\/\/quebriac.fr\/webcommune\/index.php?rest_route=\/wp\/v2\/users\/1"}],"replies":[{"embeddable":true,"href":"https:\/\/quebriac.fr\/webcommune\/index.php?rest_route=%2Fwp%2Fv2%2Fcomments&post=8642"}],"version-history":[{"count":47,"href":"https:\/\/quebriac.fr\/webcommune\/index.php?rest_route=\/wp\/v2\/pages\/8642\/revisions"}],"predecessor-version":[{"id":11921,"href":"https:\/\/quebriac.fr\/webcommune\/index.php?rest_route=\/wp\/v2\/pages\/8642\/revisions\/11921"}],"wp:attachment":[{"href":"https:\/\/quebriac.fr\/webcommune\/index.php?rest_route=%2Fwp%2Fv2%2Fmedia&parent=8642"}],"curies":[{"name":"wp","href":"https:\/\/api.w.org\/{rel}","templated":true}]}}