{"id":8707,"date":"2022-11-17T19:08:32","date_gmt":"2022-11-17T17:08:32","guid":{"rendered":"https:\/\/quebriac.fr\/webcommune\/?page_id=8707"},"modified":"2025-04-11T13:56:21","modified_gmt":"2025-04-11T11:56:21","slug":"circuits-de-randonnee-2","status":"publish","type":"page","link":"https:\/\/quebriac.fr\/webcommune\/?page_id=8707","title":{"rendered":"Circuits de randonn\u00e9e"},"content":{"rendered":"<p><a href=\"https:\/\/quebriac.fr\/webcommune\/?page_id=5643\">Circuit de randonn\u00e9e PDIPR<\/a><\/p>\n<p><a href=\"https:\/\/quebriac.fr\/webcommune\/?page_id=8642\">Circuit de Malno\u00eb<\/a><\/p>\n<p><a href=\"https:\/\/quebriac.fr\/webcommune\/?page_id=9488\">Circuit de Raulin<\/a><\/p>\n<p><a href=\"https:\/\/quebriac.fr\/webcommune\/?page_id=10829\">Circuit des carri\u00e8res<\/a><\/p>\n<p><a href=\"https:\/\/quebriac.fr\/webcommune\/?page_id=10097\">Circuit du calvaire<\/a><\/p>\n<p><a href=\"https:\/\/quebriac.fr\/webcommune\/?page_id=11327\">Circuit du Moulin du Rocher teint<\/a><\/p>\n<p>&nbsp;<\/p>\n","protected":false},"excerpt":{"rendered":"<p>Circuit de randonn\u00e9e PDIPR Circuit de Malno\u00eb Circuit de Raulin Circuit des carri\u00e8res Circuit du calvaire Circuit du Moulin du Rocher teint &nbsp;<\/p>\n<p class=\"continue-reading-button\"> <a class=\"continue-reading-link\" href=\"https:\/\/quebriac.fr\/webcommune\/?page_id=8707\">La suite&#8230;<i class=\"crycon-right-dir\"><\/i><\/a><\/p>\n","protected":false},"author":1,"featured_media":0,"parent":0,"menu_order":0,"comment_status":"closed","ping_status":"closed","template":"","meta":{"footnotes":""},"class_list":["post-8707","page","type-page","status-publish","hentry"],"_links":{"self":[{"href":"https:\/\/quebriac.fr\/webcommune\/index.php?rest_route=\/wp\/v2\/pages\/8707"}],"collection":[{"href":"https:\/\/quebriac.fr\/webcommune\/index.php?rest_route=\/wp\/v2\/pages"}],"about":[{"href":"https:\/\/quebriac.fr\/webcommune\/index.php?rest_route=\/wp\/v2\/types\/page"}],"author":[{"embeddable":true,"href":"https:\/\/quebriac.fr\/webcommune\/index.php?rest_route=\/wp\/v2\/users\/1"}],"replies":[{"embeddable":true,"href":"https:\/\/quebriac.fr\/webcommune\/index.php?rest_route=%2Fwp%2Fv2%2Fcomments&post=8707"}],"version-history":[{"count":6,"href":"https:\/\/quebriac.fr\/webcommune\/index.php?rest_route=\/wp\/v2\/pages\/8707\/revisions"}],"predecessor-version":[{"id":11753,"href":"https:\/\/quebriac.fr\/webcommune\/index.php?rest_route=\/wp\/v2\/pages\/8707\/revisions\/11753"}],"wp:attachment":[{"href":"https:\/\/quebriac.fr\/webcommune\/index.php?rest_route=%2Fwp%2Fv2%2Fmedia&parent=8707"}],"curies":[{"name":"wp","href":"https:\/\/api.w.org\/{rel}","templated":true}]}}