{"id":90,"date":"2020-10-05T17:02:40","date_gmt":"2020-10-05T15:02:40","guid":{"rendered":"https:\/\/quebriac.fr\/webcommune\/?page_id=90"},"modified":"2025-11-06T11:16:06","modified_gmt":"2025-11-06T09:16:06","slug":"bibliotheque-je-tu-lis","status":"publish","type":"page","link":"https:\/\/quebriac.fr\/webcommune\/?page_id=90","title":{"rendered":"Biblioth\u00e8que Je, tu, lis \u2026"},"content":{"rendered":"<p>14 rue de la libert\u00e9 35190 Qu\u00e9briac &#8211; T\u00e9l\u00e9phone : 02 99 68 11 64<\/p>\n<p>Horaires d&rsquo;ouverture<\/p>\n<ul>\n<li>Mardi\u00a0 16h30 &#8211; 18h30<\/li>\n<li>vendredi 16h30 &#8211; 18h30<\/li>\n<li>Mercredi\u00a0 10h-12h00 \/ 15h00 &#8211; 17h00<\/li>\n<li>Samedi\u00a0 10h00 &#8211; 12h00<\/li>\n<\/ul>\n<p>Attention: durant les vacances scolaires ouverture uniquement les mercredis et samedis<\/p>\n<p><a href=\"https:\/\/quebriac.fr\/webcommune\/wp-content\/uploads\/2025\/11\/2025-formulaire-inscription.pdf\" target=\"_blank\" rel=\"noopener\">Formulaire inscription biblioth\u00e8que<\/a><\/p>\n<p><strong>R\u00e9seau des biblioth\u00e8ques de Bretagne romantique<\/strong><\/p>\n<p><img loading=\"lazy\" decoding=\"async\" class=\"alignnone size-full wp-image-12554\" src=\"https:\/\/quebriac.fr\/webcommune\/wp-content\/uploads\/2025\/11\/biblio.png\" alt=\"\" width=\"700\" height=\"515\" srcset=\"https:\/\/quebriac.fr\/webcommune\/wp-content\/uploads\/2025\/11\/biblio.png 700w, https:\/\/quebriac.fr\/webcommune\/wp-content\/uploads\/2025\/11\/biblio-300x221.png 300w, https:\/\/quebriac.fr\/webcommune\/wp-content\/uploads\/2025\/11\/biblio-150x110.png 150w\" sizes=\"(max-width: 700px) 100vw, 700px\" \/><\/p>\n<p>Depuis le 1er mars 2025, l\u2019adh\u00e9sion au r\u00e9seau des biblioth\u00e8ques de Bretagne romantique est <a href=\"https:\/\/bretagneromantique.fr\/adhesion-gratuite-au-reseau-des-bibliotheques\/\" target=\"_blank\" rel=\"noopener\">gratuite pour tous<\/a> ! Cette initiative vise \u00e0 rendre la culture accessible \u00e0 tous, sans distinction, et \u00e0 faciliter l\u2019acc\u00e8s aux livres, films, et autres ressources culturelles.<\/p>\n<p>Une navette hebdomadaire assure la circulation des ouvrages entre les biblioth\u00e8ques (catalogue partag\u00e9 de plus de 90 000 documents), un acc\u00e8s facilit\u00e9 aux ressources culturelles, quel que soit le lieu d\u2019emprunt.<\/p>\n<p><a href=\"https:\/\/bibliotheques.bretagneromantique.fr\/\" target=\"_blank\" rel=\"noopener noreferrer\">Site du r\u00e9seau Bretagne romantique<\/a><\/p>\n<p>&nbsp;<\/p>\n","protected":false},"excerpt":{"rendered":"<p>14 rue de la libert\u00e9 35190 Qu\u00e9briac &#8211; T\u00e9l\u00e9phone : 02 99 68 11 64 Horaires d&rsquo;ouverture Mardi\u00a0 16h30 &#8211; 18h30 vendredi 16h30 &#8211; 18h30 Mercredi\u00a0 10h-12h00 \/ 15h00 &#8211;\u2026<\/p>\n<p class=\"continue-reading-button\"> <a class=\"continue-reading-link\" href=\"https:\/\/quebriac.fr\/webcommune\/?page_id=90\">La suite&#8230;<i class=\"crycon-right-dir\"><\/i><\/a><\/p>\n","protected":false},"author":1,"featured_media":0,"parent":0,"menu_order":0,"comment_status":"closed","ping_status":"closed","template":"","meta":{"footnotes":""},"class_list":["post-90","page","type-page","status-publish","hentry"],"_links":{"self":[{"href":"https:\/\/quebriac.fr\/webcommune\/index.php?rest_route=\/wp\/v2\/pages\/90"}],"collection":[{"href":"https:\/\/quebriac.fr\/webcommune\/index.php?rest_route=\/wp\/v2\/pages"}],"about":[{"href":"https:\/\/quebriac.fr\/webcommune\/index.php?rest_route=\/wp\/v2\/types\/page"}],"author":[{"embeddable":true,"href":"https:\/\/quebriac.fr\/webcommune\/index.php?rest_route=\/wp\/v2\/users\/1"}],"replies":[{"embeddable":true,"href":"https:\/\/quebriac.fr\/webcommune\/index.php?rest_route=%2Fwp%2Fv2%2Fcomments&post=90"}],"version-history":[{"count":12,"href":"https:\/\/quebriac.fr\/webcommune\/index.php?rest_route=\/wp\/v2\/pages\/90\/revisions"}],"predecessor-version":[{"id":12559,"href":"https:\/\/quebriac.fr\/webcommune\/index.php?rest_route=\/wp\/v2\/pages\/90\/revisions\/12559"}],"wp:attachment":[{"href":"https:\/\/quebriac.fr\/webcommune\/index.php?rest_route=%2Fwp%2Fv2%2Fmedia&parent=90"}],"curies":[{"name":"wp","href":"https:\/\/api.w.org\/{rel}","templated":true}]}}