{"id":9189,"date":"2023-04-07T14:36:16","date_gmt":"2023-04-07T12:36:16","guid":{"rendered":"https:\/\/quebriac.fr\/webcommune\/?page_id=9189"},"modified":"2024-11-25T12:53:44","modified_gmt":"2024-11-25T10:53:44","slug":"services-de-sante","status":"publish","type":"page","link":"https:\/\/quebriac.fr\/webcommune\/?page_id=9189","title":{"rendered":"Services de sant\u00e9"},"content":{"rendered":"<h3>M\u00e9decins<\/h3>\n<p><strong>TINT\u00c9NIAC<\/strong><\/p>\n<table width=\"1058\">\n<tbody>\n<tr>\n<td width=\"600\">Dr BIDAUX\u00a0 &#8211; M\u00e9dipole 35 &#8211; 23 rue des hauts champs<\/td>\n<td width=\"200\">02 99 68 07 11<\/td>\n<\/tr>\n<tr>\n<td width=\"600\">Dr DIABIRA\u00a0 &#8211; M\u00e9dipole 35 &#8211; 23 rue des hauts champs<\/td>\n<td width=\"200\">02 99 68 02 60<\/td>\n<\/tr>\n<tr>\n<td width=\"600\">Dr ROLLAND &#8211; M\u00e9dipole 35 &#8211; 23 rue des hauts champs<\/td>\n<td width=\"200\">02 99 68 07 11<\/td>\n<\/tr>\n<tr>\n<td width=\"600\">Dr AGAESSE &#8211; M\u00e9dipole 35 &#8211; 23 rue des hauts champs<\/td>\n<td width=\"200\">02 99 68 13 30<\/td>\n<\/tr>\n<tr>\n<td width=\"600\">Dr TOURNAIRE &#8211; M\u00e9dipole 35 &#8211; 23 rue des hauts champs<\/td>\n<td width=\"200\">02 99 68 13 37<\/td>\n<\/tr>\n<tr>\n<td width=\"600\">Dr LEPRISE , QUERREC \u2013 7 rue haute<\/td>\n<td width=\"200\">02 99 68 03 24<\/td>\n<\/tr>\n<\/tbody>\n<\/table>\n<p><strong>SAINT-DOMINEUC<\/strong><\/p>\n<table width=\"1058\">\n<tbody>\n<tr>\n<td width=\"600\">Dr FRABOULET &#8211; 2 Bis rue Rocher 35190 Saint Domineuc<\/td>\n<td width=\"200\">02 99 45 21 07<\/td>\n<\/tr>\n<tr>\n<td width=\"600\">Dr LESCOUARC\u2019H &#8211; 2 Bis rue Rocher 35190 Saint Domineuc<\/td>\n<td width=\"200\">02 99 45 21 07<\/td>\n<\/tr>\n<tr>\n<td width=\"600\">Dr BOUAN &#8211; 2 Bis rue Rocher 35190 Saint Domineuc<\/td>\n<td width=\"200\">02 99 45 21 07<\/td>\n<\/tr>\n<tr>\n<td width=\"600\">Dr BILLET &#8211; 2 Bis rue Rocher 35190 Saint Domineuc<\/td>\n<td width=\"200\">02 99 45 21 07<\/td>\n<\/tr>\n<tr>\n<td width=\"600\">Dr COUDENIS &#8211; 2 Bis rue Rocher 35190 Saint Domineuc<\/td>\n<td width=\"200\">02 99 45 21 07<\/td>\n<\/tr>\n<tr>\n<td width=\"600\">Dr KHOUNLABOUD &#8211; 2 Bis rue Rocher 35190 Saint Domineuc<\/td>\n<td width=\"200\">02 99 45 21 07<\/td>\n<\/tr>\n<tr>\n<td width=\"600\">Dr SPINGLER &#8211; 13 chemin Dames 35190 Saint Domineuc<\/td>\n<td width=\"200\">02 99 23 24 80<\/td>\n<\/tr>\n<\/tbody>\n<\/table>\n<p><strong>H\u00c9D\u00c9- BAZOUGES<\/strong><\/p>\n<table width=\"1058\">\n<tbody>\n<tr>\n<td width=\"600\">Dr BRIATTA, STAM-DIBLANC, PETIT &#8211; 14 rue Alfred Anne Duportal<\/td>\n<td width=\"200\">02 99 39 43 25<\/td>\n<\/tr>\n<\/tbody>\n<\/table>\n<h3>Infirmi\u00e8re, infirmier<b><br \/>\n<\/b><\/h3>\n<p><strong>QU\u00c9BRIAC<\/strong><\/p>\n<table width=\"1058\">\n<tbody>\n<tr>\n<td width=\"600\">LEROY, HIGNARD, BRONNEC, ROBERT\u00a0 &#8211; 13 rue de la libert\u00e9 35190<\/td>\n<td width=\"200\">07 67 92 15 20<\/td>\n<\/tr>\n<\/tbody>\n<\/table>\n<p><strong>TINT\u00c9NIAC<\/strong><\/p>\n<p>&nbsp;<\/p>\n<table width=\"1058\">\n<tbody>\n<tr>\n<td width=\"600\">RIVOAL, MAUDET, GAUTIER, LELAY &#8211; 23 rue des hauts champs<\/td>\n<td width=\"200\">02 99 68 05 25<\/td>\n<\/tr>\n<tr>\n<td width=\"600\">ROSE, PATIN &#8211; 23 rue des hauts champs<\/td>\n<td width=\"200\">\u00a002 53 46 34 01<\/td>\n<\/tr>\n<tr>\n<td width=\"600\">DURANT RICHARD &#8211; 5 place Auditoire<\/td>\n<td width=\"200\">02 99 60 69 27<\/td>\n<\/tr>\n<\/tbody>\n<\/table>\n<p><strong>H\u00c9D\u00c9- BAZOUGES<\/strong><\/p>\n<table width=\"1058\">\n<tbody>\n<tr>\n<td width=\"600\">GAUTIER, LELAY, MAUDET, RIVOAL &#8211; 14 rue Alfred Anne Duportal<\/td>\n<td width=\"200\">02 99 45 44 66<\/td>\n<\/tr>\n<\/tbody>\n<\/table>\n<p><strong>SAINT-DOMINEUC<\/strong><\/p>\n<table width=\"1058\">\n<tbody>\n<tr>\n<td width=\"600\">HEUZE, DABOUT, GERARD, BRILIM &#8211; 49 rue Nationale<\/td>\n<td width=\"200\">02 99 45 24 64<\/td>\n<\/tr>\n<tr>\n<td width=\"600\">GROSSET, ADLER, LE GUEN, CARISSAN &#8211; 13 chemin des dames<\/td>\n<td width=\"200\">02 99 45 21 62<\/td>\n<\/tr>\n<\/tbody>\n<\/table>\n<h3>Orthophoniste<\/h3>\n<p><strong>TINT\u00c9NIAC<\/strong><\/p>\n<table width=\"1058\">\n<tbody>\n<tr>\n<td width=\"600\">PICHON, PABOEUF, BRIERE, BAZIN, LAMBART &#8211; 2 rue Cour aux Cointres<\/td>\n<td width=\"200\">02 99 23 08 18<\/td>\n<\/tr>\n<\/tbody>\n<\/table>\n<p><strong>SAINT DOMINEUC<\/strong><\/p>\n<table width=\"1058\">\n<tbody>\n<tr>\n<td width=\"600\">GOYARD &#8211; Les Villas Du Parc 13 chemin Dames<\/td>\n<td width=\"200\">02 99 25 12 80<\/td>\n<\/tr>\n<\/tbody>\n<\/table>\n<p><strong>H\u00c9D\u00c9- BAZOUGES<\/strong><\/p>\n<table width=\"1058\">\n<tbody>\n<tr>\n<td width=\"600\">BURLO, CACHO\u00a0 &#8211; 31 rue Jean Boucher<\/td>\n<td width=\"200\">02 99 37 04 88<\/td>\n<\/tr>\n<tr>\n<td width=\"600\">THUET &#8211; 14 rue Alfred Anne Duportal<\/td>\n<td width=\"200\">06 99 01 83 50<\/td>\n<\/tr>\n<\/tbody>\n<\/table>\n<p><strong>COMBOURG<\/strong><\/p>\n<table width=\"1058\">\n<tbody>\n<tr>\n<td width=\"600\">DELOUIS\u00a0 \u2013 2 rue Ste Barbe<\/td>\n<td width=\"200\">02 99 73 16 54<\/td>\n<\/tr>\n<tr>\n<td width=\"600\">CHICOY\u00a0 \u2013 1 all\u00e9e ch\u00e2taigniers<\/td>\n<td width=\"200\">02 99 73 34 91<\/td>\n<\/tr>\n<tr>\n<td width=\"600\">HIRONDE\u00a0 &#8211; 11 rue Butte<\/td>\n<td width=\"200\">07 64 69 60 90<\/td>\n<\/tr>\n<\/tbody>\n<\/table>\n<h3>Masseurs\/Kin\u00e9sith\u00e9rapeutes<\/h3>\n<p><strong>TINT\u00c9NIAC<\/strong><\/p>\n<table width=\"1058\">\n<tbody>\n<tr>\n<td width=\"600\">SCM\u00a0 &#8211; 23 rue Haut Champ<\/td>\n<td width=\"200\">02 99 68 07 22<\/td>\n<\/tr>\n<\/tbody>\n<\/table>\n<p><strong>SAINT DOMINEUC<\/strong><\/p>\n<table width=\"1058\">\n<tbody>\n<tr>\n<td width=\"600\">CORNILLET, HALLOUX, GUEROC-BRIO,BESNARD &#8211; 2 Bis rue Rocher<\/td>\n<td width=\"200\">02 99 45 20 82<\/td>\n<\/tr>\n<\/tbody>\n<\/table>\n<p><strong>COMBOURG<\/strong><\/p>\n<table width=\"1058\">\n<tbody>\n<tr>\n<td width=\"600\">GUIHARD, LEPRETRE &#8211;\u00a0 3 place S\u0153urs de La Providence<\/td>\n<td width=\"200\">02 99 73 15 99<\/td>\n<\/tr>\n<tr>\n<td width=\"600\">MASSIOT &#8211; 9 avenue G\u00e9n de Gaulle<\/td>\n<td width=\"200\">06 25 22 90 28<\/td>\n<\/tr>\n<tr>\n<td width=\"600\">ROBERT &#8211; 30 rue Notre Dame<\/td>\n<td width=\"200\">09 52 72 48 94<\/td>\n<\/tr>\n<tr>\n<td width=\"600\">LEBRANCHU &#8211; 3 place S\u0153urs de La Providence<\/td>\n<td width=\"200\">09 51 39 39 57<\/td>\n<\/tr>\n<tr>\n<td width=\"600\">RICHARD &#8211; Les Rivi\u00e8res<\/td>\n<td width=\"200\">02 99 48 77 24<\/td>\n<\/tr>\n<\/tbody>\n<\/table>\n<p><strong>H\u00c9D\u00c9- BAZOUGES<\/strong><\/p>\n<table width=\"1058\">\n<tbody>\n<tr>\n<td width=\"600\">BERTHELOT, DURVILLE-FERRON &#8211; 31 rue Jean Boucher<\/td>\n<td width=\"200\">02 99 45 43 19<\/td>\n<\/tr>\n<tr>\n<td width=\"600\">GERBER, BODIN &#8211; 14 rue Alfred Anne Duportal<\/td>\n<td width=\"200\">02 99 45 49 62<\/td>\n<\/tr>\n<\/tbody>\n<\/table>\n<h3>Chirurgien\/Dentiste<\/h3>\n<p><strong>QU\u00c9BRIAC<\/strong><\/p>\n<table width=\"1058\">\n<tbody>\n<tr>\n<td width=\"600\">GHECK-MUNSTER &#8211; 36 rue Libert\u00e9<\/td>\n<td width=\"200\">02 99 69 45 79<\/td>\n<\/tr>\n<\/tbody>\n<\/table>\n<p><strong>TINT\u00c9NIAC<\/strong><\/p>\n<table width=\"1058\">\n<tbody>\n<tr>\n<td width=\"600\">BASLE &#8211; rue Haut Champ<\/td>\n<td width=\"200\">02 99 23 00 23<\/td>\n<\/tr>\n<\/tbody>\n<\/table>\n<p><strong>SAINT DOMINEUC<\/strong><\/p>\n<table width=\"1058\">\n<tbody>\n<tr>\n<td width=\"600\">GAPIHAN, CORBEL &#8211; 13 chemin Dames<\/td>\n<td width=\"200\">02 99 45 21 43<\/td>\n<\/tr>\n<\/tbody>\n<\/table>\n<p><strong>H\u00c9D\u00c9- BAZOUGES<\/strong><\/p>\n<table width=\"1058\">\n<tbody>\n<tr>\n<td width=\"600\">GRUEL &#8211; 29 rue Forges<\/td>\n<td width=\"200\">02 99 45 49 13<\/td>\n<\/tr>\n<\/tbody>\n<\/table>\n<p><strong>COMBOURG<\/strong><\/p>\n<table width=\"1058\">\n<tbody>\n<tr>\n<td width=\"600\">KERDILES\u00a0 &#8211; 16 rue Princes<\/td>\n<td width=\"200\">02 99 73 06 69<\/td>\n<\/tr>\n<tr>\n<td width=\"600\">BRUNE, SOURICE, HONORE &#8211; 23 Bis rue Linon<\/td>\n<td width=\"200\">02 99 73 07 51<\/td>\n<\/tr>\n<\/tbody>\n<\/table>\n<h3>P\u00e9dicure \/ Podologue<\/h3>\n<p><strong>TINT\u00c9NIAC<\/strong><\/p>\n<table width=\"1058\">\n<tbody>\n<tr>\n<td width=\"600\">REYMANN &#8211; 23 rue Haut Champ<\/td>\n<td width=\"200\">02 99 68 15 35<\/td>\n<\/tr>\n<tr>\n<td width=\"600\">GAUTRIN &#8211; 23 rue Haut Champ<\/td>\n<td width=\"200\"><\/td>\n<\/tr>\n<\/tbody>\n<\/table>\n<p><strong>SAINT-DOMINEUC<\/strong><\/p>\n<table width=\"1058\">\n<tbody>\n<tr>\n<td width=\"600\">DUVIGNEAU, MONNIER &#8211; 49 rue Nationale<\/td>\n<td width=\"200\">02 99 45 25 73<\/td>\n<\/tr>\n<\/tbody>\n<\/table>\n<p><strong>COMBOURG<\/strong><\/p>\n<table width=\"1058\">\n<tbody>\n<tr>\n<td width=\"600\">DESBOIS &#8211; 7 A boulevard Mail<\/td>\n<td width=\"200\">02 99 73 16 88<\/td>\n<\/tr>\n<tr>\n<td width=\"600\">CHAUVEAU &#8211; 6 rue Chateaubriand<\/td>\n<td width=\"200\">02 99 73 32 44<\/td>\n<\/tr>\n<\/tbody>\n<\/table>\n<h3>Dispensaire<\/h3>\n<table width=\"1058\">\n<tbody>\n<tr>\n<td width=\"600\">Centre M\u00e9dico Psychologique Adultes &#8211; 14 rue de la Cour aux Cointres<\/td>\n<td width=\"200\">02 99 68 14 48<\/td>\n<\/tr>\n<tr>\n<td width=\"600\">Centre M\u00e9dico Psychologique Enfants &#8211;\u00a0 avenue Du Guesclin<\/td>\n<td width=\"200\">02 99 68 07 07<\/td>\n<\/tr>\n<\/tbody>\n<\/table>\n<h3>Pharmacie<\/h3>\n<p><strong>TINT\u00c9NIAC<\/strong><\/p>\n<table width=\"1058\">\n<tbody>\n<tr>\n<td width=\"600\">LECROC, VETTIER &#8211; rue Papegault<\/td>\n<td width=\"200\">02 99 68 02 04<\/td>\n<\/tr>\n<\/tbody>\n<\/table>\n<p><strong>SAINT-DOMINEUC<\/strong><\/p>\n<table width=\"1058\">\n<tbody>\n<tr>\n<td width=\"600\">LIGIER, GAUTIER &#8211; 45 Bis rue Nationale<\/td>\n<td width=\"200\">02 99 45 21 08<\/td>\n<\/tr>\n<\/tbody>\n<\/table>\n<p><strong>H\u00c9D\u00c9- BAZOUGES<\/strong><\/p>\n<table width=\"1058\">\n<tbody>\n<tr>\n<td width=\"600\">PHARMACIE GUILLON &#8211; 16 rue Alfred Anne Duportal<\/td>\n<td width=\"200\">02 99 45 46 03<\/td>\n<\/tr>\n<\/tbody>\n<\/table>\n<p><strong>COMBOURG<\/strong><\/p>\n<table width=\"1058\">\n<tbody>\n<tr>\n<td width=\"600\">PHARMACIE DES ERABLES\u00a0 &#8211; 7 avenue Erables<\/td>\n<td width=\"200\">02 99 73 03 36<\/td>\n<\/tr>\n<tr>\n<td width=\"600\">PHARMACIE DE L\u2019HERMINE &#8211; 15 place Albert Parent<\/td>\n<td width=\"200\">02 99 73 01 19<\/td>\n<\/tr>\n<tr>\n<td width=\"600\">PHARMACIE LABB\u00c9 &#8211; 17 place St Gilduin<\/td>\n<td width=\"200\">02 99 73 22 38<\/td>\n<\/tr>\n<\/tbody>\n<\/table>\n<h3>Taxis \/ Ambulances<\/h3>\n<p><strong>TINT\u00c9NIAC<\/strong><\/p>\n<table width=\"1058\">\n<tbody>\n<tr>\n<td width=\"600\">AMBU TRENTE-CINQ &#8211; 2 rue Jean Roze<\/td>\n<td width=\"200\">02 99 68 13 09<\/td>\n<\/tr>\n<tr>\n<td width=\"600\">AMBULANCE BOCHER ASSISTANCE \u2013 7 rue Maurice Chauvin<\/td>\n<td width=\"200\">02 99 68 27 27<\/td>\n<\/tr>\n<\/tbody>\n<\/table>\n<p><strong>SAINT-DOMINEUC<\/strong><\/p>\n<table width=\"1058\">\n<tbody>\n<tr>\n<td width=\"600\">AMBU TRENTE-CINQ &#8211; 28 rue Nationale<\/td>\n<td width=\"200\">02 99 45 22 63<\/td>\n<\/tr>\n<\/tbody>\n<\/table>\n<p><strong>COMBOURG<\/strong><\/p>\n<table width=\"1058\">\n<tbody>\n<tr>\n<td width=\"600\">AMBU TRENTE-CINQ &#8211; 30 Bd Mail<\/td>\n<td width=\"200\">02 99 73 01 32<\/td>\n<\/tr>\n<\/tbody>\n<\/table>\n<p><strong>BECHEREL<\/strong><\/p>\n<table width=\"1058\">\n<tbody>\n<tr>\n<td width=\"600\">AMBULANCE BOCHER ASSISTANCE \u2013 Place de l\u2019H\u00f4tel de Ville<\/td>\n<td width=\"200\">02 99 66 80 60<\/td>\n<\/tr>\n<\/tbody>\n<\/table>\n<h3>Laboratoire d&rsquo;analyses de biologie m\u00e9dicale<\/h3>\n<p><strong>TINT\u00c9NIAC<\/strong><\/p>\n<table width=\"1058\">\n<tbody>\n<tr>\n<td width=\"600\">BIODIN &#8211; rue Jean Roze<\/td>\n<td width=\"200\">02 99 68 17 84<\/td>\n<\/tr>\n<\/tbody>\n<\/table>\n<p><strong>COMBOURG<\/strong><\/p>\n<table width=\"1058\">\n<tbody>\n<tr>\n<td width=\"600\">BIODIN &#8211;\u00a0 36 avenue Gautier P\u00e8re et Fils<\/td>\n<td width=\"200\">02 99 73 33 31<\/td>\n<\/tr>\n<\/tbody>\n<\/table>\n<h3>\u00c9tablissements et H\u00e9bergements pour Personnes \u00c2g\u00e9es et Dependantes<\/h3>\n<p><strong>TINT\u00c9NIAC<\/strong><\/p>\n<table width=\"1058\">\n<tbody>\n<tr>\n<td width=\"600\">Maison Sainte Anne HSTV\u00a0 (P\u00f4le Alzheimer) &#8211; 1 rue Prieur\u00e9<\/td>\n<td width=\"200\">02 99 23 01 01<\/td>\n<\/tr>\n<\/tbody>\n<\/table>\n<p><strong>SAINT-DOMINEUC<\/strong><\/p>\n<table width=\"1058\">\n<tbody>\n<tr>\n<td width=\"600\">EHPAD R\u00e9sidence docmael &#8211; 2 rue Clos des Michel<\/td>\n<td width=\"200\">02 99 45 21 49<\/td>\n<\/tr>\n<\/tbody>\n<\/table>\n<p><strong>H\u00c9D\u00c9- BAZOUGES<\/strong><\/p>\n<table width=\"1058\">\n<tbody>\n<tr>\n<td width=\"600\">Ehpad R\u00e9sidence Le Chemin Vert &#8211; 1 rue Alfred Anne Duportal<\/td>\n<td width=\"200\">02 99 45 50 40<\/td>\n<\/tr>\n<\/tbody>\n<\/table>\n<p><strong>SAINT-THUAL<\/strong><\/p>\n<table width=\"1058\">\n<tbody>\n<tr>\n<td width=\"600\">EHPAD &#8211; 8 rue Tourdelin<\/td>\n<td width=\"200\">02 99 66 81 71<\/td>\n<\/tr>\n<\/tbody>\n<\/table>\n<p><strong>PLEUGUENEUC<\/strong><\/p>\n<table width=\"1058\">\n<tbody>\n<tr>\n<td width=\"600\">R\u00e9sidence Du Bignon &#8211; impasse Fran\u00e7ois Phily<\/td>\n<td width=\"200\">02 99 69 49 43<\/td>\n<\/tr>\n<\/tbody>\n<\/table>\n<p><strong>COMBOURG<\/strong><\/p>\n<table width=\"1058\">\n<tbody>\n<tr>\n<td width=\"600\">Centre Local Hospitalier St Joseph &#8211; Les Rivi\u00e8res<\/td>\n<td width=\"200\">02 99 73 05 34<\/td>\n<\/tr>\n<\/tbody>\n<\/table>\n<h3>Habitat inclusif<\/h3>\n<p><strong>QU\u00c9BRIAC<\/strong><\/p>\n<table width=\"1058\">\n<tbody>\n<tr>\n<td width=\"600\">Village du Courtil No\u00eb &#8211; rue du Courtil No\u00eb<\/td>\n<td width=\"200\">02 99 84 78 46<\/td>\n<\/tr>\n<\/tbody>\n<\/table>\n<p><strong>TINT\u00c9NIAC<\/strong><\/p>\n<table width=\"1058\">\n<tbody>\n<tr>\n<td width=\"600\">La Marelle &#8211; 17 rue du ch\u00eane vert<\/td>\n<td width=\"200\">02 99 69 29 43<\/td>\n<\/tr>\n<\/tbody>\n<\/table>\n","protected":false},"excerpt":{"rendered":"<p>M\u00e9decins TINT\u00c9NIAC Dr BIDAUX\u00a0 &#8211; M\u00e9dipole 35 &#8211; 23 rue des hauts champs 02 99 68 07 11 Dr DIABIRA\u00a0 &#8211; M\u00e9dipole 35 &#8211; 23 rue des hauts champs 02\u2026<\/p>\n<p class=\"continue-reading-button\"> <a class=\"continue-reading-link\" href=\"https:\/\/quebriac.fr\/webcommune\/?page_id=9189\">La suite&#8230;<i class=\"crycon-right-dir\"><\/i><\/a><\/p>\n","protected":false},"author":1,"featured_media":0,"parent":0,"menu_order":0,"comment_status":"closed","ping_status":"closed","template":"","meta":{"footnotes":""},"class_list":["post-9189","page","type-page","status-publish","hentry"],"_links":{"self":[{"href":"https:\/\/quebriac.fr\/webcommune\/index.php?rest_route=\/wp\/v2\/pages\/9189"}],"collection":[{"href":"https:\/\/quebriac.fr\/webcommune\/index.php?rest_route=\/wp\/v2\/pages"}],"about":[{"href":"https:\/\/quebriac.fr\/webcommune\/index.php?rest_route=\/wp\/v2\/types\/page"}],"author":[{"embeddable":true,"href":"https:\/\/quebriac.fr\/webcommune\/index.php?rest_route=\/wp\/v2\/users\/1"}],"replies":[{"embeddable":true,"href":"https:\/\/quebriac.fr\/webcommune\/index.php?rest_route=%2Fwp%2Fv2%2Fcomments&post=9189"}],"version-history":[{"count":7,"href":"https:\/\/quebriac.fr\/webcommune\/index.php?rest_route=\/wp\/v2\/pages\/9189\/revisions"}],"predecessor-version":[{"id":11251,"href":"https:\/\/quebriac.fr\/webcommune\/index.php?rest_route=\/wp\/v2\/pages\/9189\/revisions\/11251"}],"wp:attachment":[{"href":"https:\/\/quebriac.fr\/webcommune\/index.php?rest_route=%2Fwp%2Fv2%2Fmedia&parent=9189"}],"curies":[{"name":"wp","href":"https:\/\/api.w.org\/{rel}","templated":true}]}}