{"id":9199,"date":"2023-04-07T14:38:48","date_gmt":"2023-04-07T12:38:48","guid":{"rendered":"https:\/\/quebriac.fr\/webcommune\/?page_id=9199"},"modified":"2023-04-07T14:42:09","modified_gmt":"2023-04-07T12:42:09","slug":"numeros-et-sites-utiles","status":"publish","type":"page","link":"https:\/\/quebriac.fr\/webcommune\/?page_id=9199","title":{"rendered":"Num\u00e9ros et sites utiles"},"content":{"rendered":"<p><a href=\"https:\/\/quebriac.fr\/webcommune\/?page_id=9187\">Appel d&rsquo;urgence et d&rsquo;\u00e9coute<\/a><\/p>\n<p><a href=\"https:\/\/quebriac.fr\/webcommune\/?page_id=9189\">Services de sant\u00e9<\/a><\/p>\n<p><a href=\"https:\/\/quebriac.fr\/webcommune\/?page_id=9191\">Services publics et \u00e0 la population<\/a><\/p>\n<p><a href=\"https:\/\/quebriac.fr\/webcommune\/?page_id=9193\">Sports et loisirs<\/a><\/p>\n","protected":false},"excerpt":{"rendered":"<p>Appel d&rsquo;urgence et d&rsquo;\u00e9coute Services de sant\u00e9 Services publics et \u00e0 la population Sports et loisirs<\/p>\n<p class=\"continue-reading-button\"> <a class=\"continue-reading-link\" href=\"https:\/\/quebriac.fr\/webcommune\/?page_id=9199\">La suite&#8230;<i class=\"crycon-right-dir\"><\/i><\/a><\/p>\n","protected":false},"author":1,"featured_media":0,"parent":0,"menu_order":0,"comment_status":"closed","ping_status":"closed","template":"","meta":{"footnotes":""},"class_list":["post-9199","page","type-page","status-publish","hentry"],"_links":{"self":[{"href":"https:\/\/quebriac.fr\/webcommune\/index.php?rest_route=\/wp\/v2\/pages\/9199"}],"collection":[{"href":"https:\/\/quebriac.fr\/webcommune\/index.php?rest_route=\/wp\/v2\/pages"}],"about":[{"href":"https:\/\/quebriac.fr\/webcommune\/index.php?rest_route=\/wp\/v2\/types\/page"}],"author":[{"embeddable":true,"href":"https:\/\/quebriac.fr\/webcommune\/index.php?rest_route=\/wp\/v2\/users\/1"}],"replies":[{"embeddable":true,"href":"https:\/\/quebriac.fr\/webcommune\/index.php?rest_route=%2Fwp%2Fv2%2Fcomments&post=9199"}],"version-history":[{"count":5,"href":"https:\/\/quebriac.fr\/webcommune\/index.php?rest_route=\/wp\/v2\/pages\/9199\/revisions"}],"predecessor-version":[{"id":9204,"href":"https:\/\/quebriac.fr\/webcommune\/index.php?rest_route=\/wp\/v2\/pages\/9199\/revisions\/9204"}],"wp:attachment":[{"href":"https:\/\/quebriac.fr\/webcommune\/index.php?rest_route=%2Fwp%2Fv2%2Fmedia&parent=9199"}],"curies":[{"name":"wp","href":"https:\/\/api.w.org\/{rel}","templated":true}]}}